{"id":2681,"date":"2025-06-20T12:09:19","date_gmt":"2025-06-20T12:09:19","guid":{"rendered":"https:\/\/www.strzelnica-magnum.pl\/?post_type=product&#038;p=2681"},"modified":"2025-06-20T12:09:19","modified_gmt":"2025-06-20T12:09:19","slug":"sig-sauer-m11-a1","status":"publish","type":"product","link":"https:\/\/www.strzelnica-magnum.pl\/en\/uzbrojenie\/bron-krotka\/sig-sauer-m11-a1\/","title":{"rendered":"Sig Sauer M11-A1"},"content":{"rendered":"<p><strong>M11-A1<\/strong> zosta\u0142 zaprojektowany aby spe\u0142nia\u0107, a nawet przekracza\u0107, rygorystyczne standardy wojskowe, M11-A1 Compact dzia\u0142a jak \u017caden inny dost\u0119pny pistolet kalibru 9 mm. Pistolet ten posiada czarne, twarde wyko\u0144czenie (hard-coat) na szkielecie ze stopu metali oraz pow\u0142ok\u0119 SIG Nitron na zamku ze stali nierdzewnej. Wewn\u0119trzne cz\u0119\u015bci i manipulatory s\u0105 fosforanowane, co zapewnia ekstremaln\u0105 odporno\u015b\u0107 na korozj\u0119 i zmniejszone tarcie, podczas gdy lufa, wyko\u0144czona pow\u0142ok\u0105 Nitron, z \u0142atwo\u015bci\u0105 spe\u0142nia wojskowe wymogi celno\u015bci, nawet po 20 000 wystrzelonych pocisk\u00f3w. Pistolet ten przechodzi r\u00f3wnie\u017c wojskowy test odporno\u015bci na korozj\u0119 w mgle solnej trwaj\u0105cy 240 godzin. Dodatkowe cechy to pionowe naci\u0119cia na przedniej cz\u0119\u015bci chwytu oraz trytowe przyrz\u0105dy celownicze SIGLITE.<\/p>\n<p><strong>Cena 9 500 z\u0142<\/strong><\/p>\n<p><em>Bro\u0144 palna, amunicja i istotne elementy broni nie s\u0105 sprzedawane on-line. Mo\u017cna je naby\u0107 osobi\u015bcie w naszym sklepie. Warunkiem nabycia broni jest przed\u0142o\u017cenie aktualnego za\u015bwiadczenia (promesy) uprawniaj\u0105cej do zakupu broni oraz dowodu osobistego. Niniejsz\u0105 ofert\u0119 zamieszczamy w celu pogl\u0105dowym. Przed zakupem broni prosimy o kontakt telefoniczny.<\/em><\/p>\n","protected":false},"excerpt":{"rendered":"<p>M11-A1 zosta\u0142 zaprojektowany aby spe\u0142nia\u0107, a nawet przekracza\u0107, rygorystyczne standardy wojskowe, M11-A1 Compact dzia\u0142a jak \u017caden inny dost\u0119pny pistolet kalibru 9 mm. Pistolet ten posiada czarne,<span class=\"excerpt-hellip\"> [\u2026]<\/span><\/p>\n","protected":false},"featured_media":2682,"comment_status":"closed","ping_status":"closed","template":"","meta":[],"product_cat":[42,151],"product_tag":[],"class_list":{"0":"post-2681","1":"product","2":"type-product","3":"status-publish","4":"has-post-thumbnail","6":"product_cat-bron-krotka","7":"product_cat-sig-sauer","9":"first","10":"instock","11":"shipping-taxable","12":"product-type-simple"},"_links":{"self":[{"href":"https:\/\/www.strzelnica-magnum.pl\/en\/wp-json\/wp\/v2\/product\/2681","targetHints":{"allow":["GET"]}}],"collection":[{"href":"https:\/\/www.strzelnica-magnum.pl\/en\/wp-json\/wp\/v2\/product"}],"about":[{"href":"https:\/\/www.strzelnica-magnum.pl\/en\/wp-json\/wp\/v2\/types\/product"}],"replies":[{"embeddable":true,"href":"https:\/\/www.strzelnica-magnum.pl\/en\/wp-json\/wp\/v2\/comments?post=2681"}],"wp:featuredmedia":[{"embeddable":true,"href":"https:\/\/www.strzelnica-magnum.pl\/en\/wp-json\/wp\/v2\/media\/2682"}],"wp:attachment":[{"href":"https:\/\/www.strzelnica-magnum.pl\/en\/wp-json\/wp\/v2\/media?parent=2681"}],"wp:term":[{"taxonomy":"product_cat","embeddable":true,"href":"https:\/\/www.strzelnica-magnum.pl\/en\/wp-json\/wp\/v2\/product_cat?post=2681"},{"taxonomy":"product_tag","embeddable":true,"href":"https:\/\/www.strzelnica-magnum.pl\/en\/wp-json\/wp\/v2\/product_tag?post=2681"}],"curies":[{"name":"wp","href":"https:\/\/api.w.org\/{rel}","templated":true}]}}