{"id":2678,"date":"2025-06-20T12:04:32","date_gmt":"2025-06-20T12:04:32","guid":{"rendered":"https:\/\/www.strzelnica-magnum.pl\/?post_type=product&#038;p=2678"},"modified":"2025-06-20T12:04:32","modified_gmt":"2025-06-20T12:04:32","slug":"sig-sauer-p226-legion","status":"publish","type":"product","link":"https:\/\/www.strzelnica-magnum.pl\/en\/uzbrojenie\/bron-krotka\/sig-sauer-p226-legion\/","title":{"rendered":"Sig Sauer P226 Legion"},"content":{"rendered":"<p><strong>P226 Legion<\/strong> jest wyko\u0144czony szar\u0105 pow\u0142ok\u0105 Cerakote\u00ae Elite LEGION, posiada niestandardowe ok\u0142adziny chwytu G-10 z medalionem LEGION oraz jest wyposa\u017cony w przyrz\u0105dy celownicze SIG SAUER Electro-Optics X-RAY o wysokiej widoczno\u015bci w dzie\u0144 i w nocy. W zestawie znajduj\u0105 si\u0119 trzy magazynki. Pistolet P226 w wersji DA\/SA posiada zredukowany i wyprofilowany \u201ebobrzy ogon\u201d (beavertail) typu Elite, kt\u00f3ry pozwala na wy\u017cszy chwyt, ale przy zmniejszonym profilu, co eliminuje odznaczanie si\u0119 broni pod ubraniem. Agresywniejsze teksturowanie na przedniej cz\u0119\u015bci chwytu oraz dodatkowe teksturowanie pod kab\u0142\u0105kiem spustowym poprawiaj\u0105 przyczepno\u015b\u0107. Na kab\u0142\u0105ku spustowym zastosowano podci\u0119cie typu X-Five, co pozwala na jeszcze wy\u017cszy chwyt i wi\u0119ksz\u0105 kontrol\u0119. Przednie naci\u0119cia na zamku zapewniaj\u0105 lepszy chwyt podczas prze\u0142adowania, roz\u0142adowywania broni lub sprawdzania stanu za\u0142adowania. Wersja DA\/SA jest dost\u0119pna w kalibrze 9 mm. Charakteryzuje si\u0119 r\u00f3wnie\u017c niskoprofilowymi d\u017awigniami zwalniania kurka (decocker) i zatrzasku zamka, aby zmniejszy\u0107 ryzyko zahaczenia. Udoskonalona, polerowana praca mechanizm\u00f3w spustowych z systemem SRT (spust z kr\u00f3tkim resetem) zosta\u0142a wzbogacona o spust P-SAIT zaprojektowany przez Grayguns, Inc. Dodatkowo, lita stalowa \u017cerd\u017a spr\u0119\u017cyny powrotnej dodaje wagi tam, gdzie ma to najwi\u0119ksze znaczenie.<\/p>\n<p>Wariant P226 LEGION RX SAO oferuje ten sam zestaw cech w wersji wy\u0142\u0105cznie z mechanizmem pojedynczego dzia\u0142ania (single-action only). Dodatek w postaci p\u0142askiego j\u0119zyka spustowego SIG Custom Works zapewnia wyj\u0105tkowe czucie i sta\u0142y op\u00f3r spustu, niezale\u017cnie od u\u0142o\u017cenia palca. Wersja SAO jest dost\u0119pna w kalibrze 9 mm.<\/p>\n<p><strong>Cena 11 200 z\u0142<\/strong><\/p>\n<p><em>Bro\u0144 palna, amunicja i istotne elementy broni nie s\u0105 sprzedawane on-line. Mo\u017cna je naby\u0107 osobi\u015bcie w naszym sklepie. Warunkiem nabycia broni jest przed\u0142o\u017cenie aktualnego za\u015bwiadczenia (promesy) uprawniaj\u0105cej do zakupu broni oraz dowodu osobistego. Niniejsz\u0105 ofert\u0119 zamieszczamy w celu pogl\u0105dowym. Przed zakupem broni prosimy o kontakt telefoniczny.<\/em><\/p>\n","protected":false},"excerpt":{"rendered":"<p>P226 Legion jest wyko\u0144czony szar\u0105 pow\u0142ok\u0105 Cerakote\u00ae Elite LEGION, posiada niestandardowe ok\u0142adziny chwytu G-10 z medalionem LEGION oraz jest wyposa\u017cony w przyrz\u0105dy celownicze SIG SAUER Electro-Optics<span class=\"excerpt-hellip\"> [\u2026]<\/span><\/p>\n","protected":false},"featured_media":2679,"comment_status":"closed","ping_status":"closed","template":"","meta":[],"product_cat":[42,151],"product_tag":[],"class_list":{"0":"post-2678","1":"product","2":"type-product","3":"status-publish","4":"has-post-thumbnail","6":"product_cat-bron-krotka","7":"product_cat-sig-sauer","9":"first","10":"instock","11":"shipping-taxable","12":"product-type-simple"},"_links":{"self":[{"href":"https:\/\/www.strzelnica-magnum.pl\/en\/wp-json\/wp\/v2\/product\/2678","targetHints":{"allow":["GET"]}}],"collection":[{"href":"https:\/\/www.strzelnica-magnum.pl\/en\/wp-json\/wp\/v2\/product"}],"about":[{"href":"https:\/\/www.strzelnica-magnum.pl\/en\/wp-json\/wp\/v2\/types\/product"}],"replies":[{"embeddable":true,"href":"https:\/\/www.strzelnica-magnum.pl\/en\/wp-json\/wp\/v2\/comments?post=2678"}],"wp:featuredmedia":[{"embeddable":true,"href":"https:\/\/www.strzelnica-magnum.pl\/en\/wp-json\/wp\/v2\/media\/2679"}],"wp:attachment":[{"href":"https:\/\/www.strzelnica-magnum.pl\/en\/wp-json\/wp\/v2\/media?parent=2678"}],"wp:term":[{"taxonomy":"product_cat","embeddable":true,"href":"https:\/\/www.strzelnica-magnum.pl\/en\/wp-json\/wp\/v2\/product_cat?post=2678"},{"taxonomy":"product_tag","embeddable":true,"href":"https:\/\/www.strzelnica-magnum.pl\/en\/wp-json\/wp\/v2\/product_tag?post=2678"}],"curies":[{"name":"wp","href":"https:\/\/api.w.org\/{rel}","templated":true}]}}