{"id":2675,"date":"2025-06-20T11:59:24","date_gmt":"2025-06-20T11:59:24","guid":{"rendered":"https:\/\/www.strzelnica-magnum.pl\/?post_type=product&#038;p=2675"},"modified":"2025-06-20T12:00:06","modified_gmt":"2025-06-20T12:00:06","slug":"sig-sauer-p226-elite","status":"publish","type":"product","link":"https:\/\/www.strzelnica-magnum.pl\/en\/uzbrojenie\/bron-krotka\/sig-sauer\/sig-sauer-p226-elite\/","title":{"rendered":"Sig Sauer P226 Elite"},"content":{"rendered":"<p><strong>P226 Elite<\/strong> to pistolet, kt\u00f3ry ustanowi\u0142 standard, wed\u0142ug kt\u00f3rego mierzone s\u0105 wszystkie inne pistolety bojowe. Zaprojektowany jako propozycja firmy SIG w przetargach wojskowych na nast\u0119pc\u0119 pistoletu 1911, dzi\u015b P226 jest u\u017cywany przez U.S. Navy SEALs, agent\u00f3w federalnych i liczne organy \u015bcigania, w tym Texas Rangers, Ohio State Highway Patrol i Michigan State Police, by wymieni\u0107 tylko kilka. Wyj\u0105tkowa ergonomia i wywa\u017cenie sprawiaj\u0105, \u017ce ten pe\u0142nowymiarowy pistolet jest \u0142atwy w obs\u0142udze. Dost\u0119pny w kalibrze 9mm, a nowo\u015bci\u0105 na rok 2024 jest fabryczne przygotowanie pod monta\u017c optyki.<\/p>\n<p><strong>Cena 9 000 z\u0142<\/strong><\/p>\n<p><em>Bro\u0144 palna, amunicja i istotne elementy broni nie s\u0105 sprzedawane on-line. Mo\u017cna je naby\u0107 osobi\u015bcie w naszym sklepie. Warunkiem nabycia broni jest przed\u0142o\u017cenie aktualnego za\u015bwiadczenia (promesy) uprawniaj\u0105cej do zakupu broni oraz dowodu osobistego. Niniejsz\u0105 ofert\u0119 zamieszczamy w celu pogl\u0105dowym. Przed zakupem broni prosimy o kontakt telefoniczny.<\/em><\/p>\n","protected":false},"excerpt":{"rendered":"<p>P226 Elite to pistolet, kt\u00f3ry ustanowi\u0142 standard, wed\u0142ug kt\u00f3rego mierzone s\u0105 wszystkie inne pistolety bojowe. Zaprojektowany jako propozycja firmy SIG w przetargach wojskowych na nast\u0119pc\u0119 pistoletu<span class=\"excerpt-hellip\"> [\u2026]<\/span><\/p>\n","protected":false},"featured_media":2676,"comment_status":"closed","ping_status":"closed","template":"","meta":[],"product_cat":[151,42],"product_tag":[],"class_list":{"0":"post-2675","1":"product","2":"type-product","3":"status-publish","4":"has-post-thumbnail","6":"product_cat-sig-sauer","7":"product_cat-bron-krotka","9":"first","10":"instock","11":"shipping-taxable","12":"product-type-simple"},"_links":{"self":[{"href":"https:\/\/www.strzelnica-magnum.pl\/en\/wp-json\/wp\/v2\/product\/2675","targetHints":{"allow":["GET"]}}],"collection":[{"href":"https:\/\/www.strzelnica-magnum.pl\/en\/wp-json\/wp\/v2\/product"}],"about":[{"href":"https:\/\/www.strzelnica-magnum.pl\/en\/wp-json\/wp\/v2\/types\/product"}],"replies":[{"embeddable":true,"href":"https:\/\/www.strzelnica-magnum.pl\/en\/wp-json\/wp\/v2\/comments?post=2675"}],"wp:featuredmedia":[{"embeddable":true,"href":"https:\/\/www.strzelnica-magnum.pl\/en\/wp-json\/wp\/v2\/media\/2676"}],"wp:attachment":[{"href":"https:\/\/www.strzelnica-magnum.pl\/en\/wp-json\/wp\/v2\/media?parent=2675"}],"wp:term":[{"taxonomy":"product_cat","embeddable":true,"href":"https:\/\/www.strzelnica-magnum.pl\/en\/wp-json\/wp\/v2\/product_cat?post=2675"},{"taxonomy":"product_tag","embeddable":true,"href":"https:\/\/www.strzelnica-magnum.pl\/en\/wp-json\/wp\/v2\/product_tag?post=2675"}],"curies":[{"name":"wp","href":"https:\/\/api.w.org\/{rel}","templated":true}]}}