{"id":2666,"date":"2025-06-20T11:45:13","date_gmt":"2025-06-20T11:45:13","guid":{"rendered":"https:\/\/www.strzelnica-magnum.pl\/?post_type=product&#038;p=2666"},"modified":"2025-07-23T16:43:35","modified_gmt":"2025-07-23T16:43:35","slug":"sig-sauer-p226-xfive-legion","status":"publish","type":"product","link":"https:\/\/www.strzelnica-magnum.pl\/en\/uzbrojenie\/bron-krotka\/sig-sauer\/sig-sauer-p226-xfive-legion\/","title":{"rendered":"Sig Sauer P226-XFIVE Legion"},"content":{"rendered":"<p><strong>P226-XFIVE Legion<\/strong> reprezentuje szczyt doskona\u0142o\u015bci w projektowaniu i in\u017cynierii. Wyposa\u017cony jest w innowacyjn\u0105, zintegrowan\u0105 z zamkiem komor\u0119 kompensacyjn\u0105 SIG SAUER, kt\u00f3ra redukuje odrzut, oraz w zupe\u0142nie nowy, tr\u00f3jpozycyjny, w pe\u0142ni regulowany spust AX3 o p\u0142askim profilu, zapewniaj\u0105cy pe\u0142n\u0105 kontrol\u0119.<\/p>\n<p>P226-XFIVE LEGION posiada r\u00f3wnie\u017c podwy\u017cszone przyrz\u0105dy celownicze XRAY3 (muszka) i regulowan\u0105 szczerbink\u0119, dostosowane do u\u017cytku z t\u0142umikiem d\u017awi\u0119ku. Charakterystyczny dla serii szkielet i zamek (przystosowany do monta\u017cu optyki) wyko\u0144czone s\u0105 pow\u0142ok\u0105 Cerakote Elite LEGION Gray. Ca\u0142o\u015b\u0107 uzupe\u0142niaj\u0105 niestandardowe ok\u0142adziny chwytu LEGION TXG. Nowy P226-XFIVE LEGION to naprawd\u0119 ostateczne dope\u0142nienie serii LEGION.<\/p>\n<p><strong>Cena 18 000 z\u0142<\/strong><\/p>\n<p><em>Bro\u0144 palna, amunicja i istotne elementy broni nie s\u0105 sprzedawane on-line. Mo\u017cna je naby\u0107 osobi\u015bcie w naszym sklepie. Warunkiem nabycia broni jest przed\u0142o\u017cenie aktualnego za\u015bwiadczenia (promesy) uprawniaj\u0105cej do zakupu broni oraz dowodu osobistego. Niniejsz\u0105 ofert\u0119 zamieszczamy w celu pogl\u0105dowym. Przed zakupem broni prosimy o kontakt telefoniczny.<\/em><\/p>\n","protected":false},"excerpt":{"rendered":"<p>P226-XFIVE Legion reprezentuje szczyt doskona\u0142o\u015bci w projektowaniu i in\u017cynierii. Wyposa\u017cony jest w innowacyjn\u0105, zintegrowan\u0105 z zamkiem komor\u0119 kompensacyjn\u0105 SIG SAUER, kt\u00f3ra redukuje odrzut, oraz w zupe\u0142nie<span class=\"excerpt-hellip\"> [\u2026]<\/span><\/p>\n","protected":false},"featured_media":2667,"comment_status":"closed","ping_status":"closed","template":"","meta":[],"product_cat":[42,151],"product_tag":[],"class_list":{"0":"post-2666","1":"product","2":"type-product","3":"status-publish","4":"has-post-thumbnail","6":"product_cat-bron-krotka","7":"product_cat-sig-sauer","9":"first","10":"instock","11":"shipping-taxable","12":"product-type-simple"},"_links":{"self":[{"href":"https:\/\/www.strzelnica-magnum.pl\/en\/wp-json\/wp\/v2\/product\/2666","targetHints":{"allow":["GET"]}}],"collection":[{"href":"https:\/\/www.strzelnica-magnum.pl\/en\/wp-json\/wp\/v2\/product"}],"about":[{"href":"https:\/\/www.strzelnica-magnum.pl\/en\/wp-json\/wp\/v2\/types\/product"}],"replies":[{"embeddable":true,"href":"https:\/\/www.strzelnica-magnum.pl\/en\/wp-json\/wp\/v2\/comments?post=2666"}],"wp:featuredmedia":[{"embeddable":true,"href":"https:\/\/www.strzelnica-magnum.pl\/en\/wp-json\/wp\/v2\/media\/2667"}],"wp:attachment":[{"href":"https:\/\/www.strzelnica-magnum.pl\/en\/wp-json\/wp\/v2\/media?parent=2666"}],"wp:term":[{"taxonomy":"product_cat","embeddable":true,"href":"https:\/\/www.strzelnica-magnum.pl\/en\/wp-json\/wp\/v2\/product_cat?post=2666"},{"taxonomy":"product_tag","embeddable":true,"href":"https:\/\/www.strzelnica-magnum.pl\/en\/wp-json\/wp\/v2\/product_tag?post=2666"}],"curies":[{"name":"wp","href":"https:\/\/api.w.org\/{rel}","templated":true}]}}