{"id":2659,"date":"2025-06-20T11:35:59","date_gmt":"2025-06-20T11:35:59","guid":{"rendered":"https:\/\/www.strzelnica-magnum.pl\/?post_type=product&#038;p=2659"},"modified":"2025-07-23T16:43:54","modified_gmt":"2025-07-23T16:43:54","slug":"sig-sauer-p226-zev","status":"publish","type":"product","link":"https:\/\/www.strzelnica-magnum.pl\/en\/uzbrojenie\/bron-krotka\/sig-sauer\/sig-sauer-p226-zev\/","title":{"rendered":"Sig Sauer P226 ZEV"},"content":{"rendered":"<p><strong>P226 ZEV<\/strong> w kalibrze 9 mm, to pistolet typu custom, dzia\u0142aj\u0105cy wy\u0142\u0105cznie w trybie pojedynczego dzia\u0142ania (SAO), opracowany we wsp\u00f3\u0142pracy z ZEV Technologies w celu stworzenia prawdziwie unikalnej wersji szacownej platformy P226. Specjalnie stylizowany zamek i szkielet ZEV Tech, gwintowana lufa, ok\u0142adziny chwytu G10 oraz \u015bwiat\u0142owodowa muszka sprawiaj\u0105, \u017ce ten P226 jest r\u00f3wnie stylowy, co funkcjonalny. P226 ZEV jest gotowy do strzelania prosto z pude\u0142ka, wyposa\u017cony w zamontowany na zamku kolimator Romeo1PRO oraz trzy 15-nabojowe stalowe magazynki.<\/p>\n<p><strong>Cena 17 300 z\u0142<\/strong><\/p>\n<p><em>Bro\u0144 palna, amunicja i istotne elementy broni nie s\u0105 sprzedawane on-line. Mo\u017cna je naby\u0107 osobi\u015bcie w naszym sklepie. Warunkiem nabycia broni jest przed\u0142o\u017cenie aktualnego za\u015bwiadczenia (promesy) uprawniaj\u0105cej do zakupu broni oraz dowodu osobistego. Niniejsz\u0105 ofert\u0119 zamieszczamy w celu pogl\u0105dowym. Przed zakupem broni prosimy o kontakt telefoniczny.<\/em><\/p>\n","protected":false},"excerpt":{"rendered":"<p>P226 ZEV w kalibrze 9 mm, to pistolet typu custom, dzia\u0142aj\u0105cy wy\u0142\u0105cznie w trybie pojedynczego dzia\u0142ania (SAO), opracowany we wsp\u00f3\u0142pracy z ZEV Technologies w celu stworzenia<span class=\"excerpt-hellip\"> [\u2026]<\/span><\/p>\n","protected":false},"featured_media":2660,"comment_status":"closed","ping_status":"closed","template":"","meta":[],"product_cat":[42,151],"product_tag":[],"class_list":{"0":"post-2659","1":"product","2":"type-product","3":"status-publish","4":"has-post-thumbnail","6":"product_cat-bron-krotka","7":"product_cat-sig-sauer","9":"first","10":"instock","11":"shipping-taxable","12":"product-type-simple"},"_links":{"self":[{"href":"https:\/\/www.strzelnica-magnum.pl\/en\/wp-json\/wp\/v2\/product\/2659","targetHints":{"allow":["GET"]}}],"collection":[{"href":"https:\/\/www.strzelnica-magnum.pl\/en\/wp-json\/wp\/v2\/product"}],"about":[{"href":"https:\/\/www.strzelnica-magnum.pl\/en\/wp-json\/wp\/v2\/types\/product"}],"replies":[{"embeddable":true,"href":"https:\/\/www.strzelnica-magnum.pl\/en\/wp-json\/wp\/v2\/comments?post=2659"}],"wp:featuredmedia":[{"embeddable":true,"href":"https:\/\/www.strzelnica-magnum.pl\/en\/wp-json\/wp\/v2\/media\/2660"}],"wp:attachment":[{"href":"https:\/\/www.strzelnica-magnum.pl\/en\/wp-json\/wp\/v2\/media?parent=2659"}],"wp:term":[{"taxonomy":"product_cat","embeddable":true,"href":"https:\/\/www.strzelnica-magnum.pl\/en\/wp-json\/wp\/v2\/product_cat?post=2659"},{"taxonomy":"product_tag","embeddable":true,"href":"https:\/\/www.strzelnica-magnum.pl\/en\/wp-json\/wp\/v2\/product_tag?post=2659"}],"curies":[{"name":"wp","href":"https:\/\/api.w.org\/{rel}","templated":true}]}}