{"id":2655,"date":"2025-06-20T11:28:24","date_gmt":"2025-06-20T11:28:24","guid":{"rendered":"https:\/\/www.strzelnica-magnum.pl\/?post_type=product&#038;p=2655"},"modified":"2025-06-20T11:28:24","modified_gmt":"2025-06-20T11:28:24","slug":"sig-sauer-p226-xfive","status":"publish","type":"product","link":"https:\/\/www.strzelnica-magnum.pl\/en\/uzbrojenie\/bron-krotka\/sig-sauer-p226-xfive\/","title":{"rendered":"Sig Sauer P226-XFIVE"},"content":{"rendered":"<p><strong>P226 X-FIVE<\/strong> szybko sta\u0142 si\u0119 znany na ca\u0142ym \u015bwiecie jako doskona\u0142y pistolet tarczowy. Teraz dzia\u0142 SIG Custom Works przywraca t\u0119 sam\u0105 legendarn\u0105 wydajno\u015b\u0107 i precyzj\u0119 w postaci zupe\u0142nie nowego P226-XFIVE. Oparty na szacownej platformie P226, ten pistolet kalibru 9 mm, dzia\u0142aj\u0105cy wy\u0142\u0105cznie w trybie Single-Action (pojedynczego dzia\u0142ania), zosta\u0142 zaprojektowany z my\u015bl\u0105 o maksymalnych osi\u0105gach. Posiada 5-calow\u0105 grubo\u015bcienn\u0105 luf\u0119 typu &#8220;bull barrel&#8221; oraz szkielet ze stali nierdzewnej, co zapewnia p\u0142ynn\u0105, bezb\u0142\u0119dn\u0105 prac\u0119 i niezr\u00f3wnan\u0105 celno\u015b\u0107.<\/p>\n<p>P226-XFIVE mo\u017cna dostosowa\u0107 do preferencji ka\u017cdego strzelca dzi\u0119ki w pe\u0142ni regulowanemu spustowi \u2013 mo\u017cna zmienia\u0107 jego si\u0142\u0119 oporu, drog\u0119 po zwolnieniu kurka (over-travel), a tak\u017ce demontowalny i regulowany w zakresie odleg\u0142o\u015bci (length-of-pull) j\u0119zyczek spustowy. Regulowana p\u0142ytka szczerbinki w stylu Dawsona mo\u017ce zosta\u0107 zdemontowana, aby umo\u017cliwi\u0107 bezpo\u015bredni monta\u017c kolimatora ROMEO1PRO, ROMEO2 lub dowolnej innej optyki wykorzystuj\u0105cej standardowy rozstaw monta\u017cowy PRO. P226-XFIVE jest seryjn\u0105 produkcj\u0105 dzia\u0142u Custom Works i jest dostarczany z trzema 20-nabojowymi stalowymi magazynkami z aluminiowymi stopkami.<\/p>\n<p><strong>Cena 19 000 z\u0142<\/strong><\/p>\n<p><em>Bro\u0144 palna, amunicja i istotne elementy broni nie s\u0105 sprzedawane on-line. Mo\u017cna je naby\u0107 osobi\u015bcie w naszym sklepie. Warunkiem nabycia broni jest przed\u0142o\u017cenie aktualnego za\u015bwiadczenia (promesy) uprawniaj\u0105cej do zakupu broni oraz dowodu osobistego. Niniejsz\u0105 ofert\u0119 zamieszczamy w celu pogl\u0105dowym. Przed zakupem broni prosimy o kontakt telefoniczny.<\/em><\/p>\n","protected":false},"excerpt":{"rendered":"<p>P226 X-FIVE szybko sta\u0142 si\u0119 znany na ca\u0142ym \u015bwiecie jako doskona\u0142y pistolet tarczowy. Teraz dzia\u0142 SIG Custom Works przywraca t\u0119 sam\u0105 legendarn\u0105 wydajno\u015b\u0107 i precyzj\u0119 w<span class=\"excerpt-hellip\"> [\u2026]<\/span><\/p>\n","protected":false},"featured_media":2657,"comment_status":"closed","ping_status":"closed","template":"","meta":[],"product_cat":[42,151],"product_tag":[],"class_list":{"0":"post-2655","1":"product","2":"type-product","3":"status-publish","4":"has-post-thumbnail","6":"product_cat-bron-krotka","7":"product_cat-sig-sauer","9":"first","10":"instock","11":"shipping-taxable","12":"product-type-simple"},"_links":{"self":[{"href":"https:\/\/www.strzelnica-magnum.pl\/en\/wp-json\/wp\/v2\/product\/2655","targetHints":{"allow":["GET"]}}],"collection":[{"href":"https:\/\/www.strzelnica-magnum.pl\/en\/wp-json\/wp\/v2\/product"}],"about":[{"href":"https:\/\/www.strzelnica-magnum.pl\/en\/wp-json\/wp\/v2\/types\/product"}],"replies":[{"embeddable":true,"href":"https:\/\/www.strzelnica-magnum.pl\/en\/wp-json\/wp\/v2\/comments?post=2655"}],"wp:featuredmedia":[{"embeddable":true,"href":"https:\/\/www.strzelnica-magnum.pl\/en\/wp-json\/wp\/v2\/media\/2657"}],"wp:attachment":[{"href":"https:\/\/www.strzelnica-magnum.pl\/en\/wp-json\/wp\/v2\/media?parent=2655"}],"wp:term":[{"taxonomy":"product_cat","embeddable":true,"href":"https:\/\/www.strzelnica-magnum.pl\/en\/wp-json\/wp\/v2\/product_cat?post=2655"},{"taxonomy":"product_tag","embeddable":true,"href":"https:\/\/www.strzelnica-magnum.pl\/en\/wp-json\/wp\/v2\/product_tag?post=2655"}],"curies":[{"name":"wp","href":"https:\/\/api.w.org\/{rel}","templated":true}]}}