{"id":2652,"date":"2025-06-20T11:23:37","date_gmt":"2025-06-20T11:23:37","guid":{"rendered":"https:\/\/www.strzelnica-magnum.pl\/?post_type=product&#038;p=2652"},"modified":"2025-06-20T11:23:37","modified_gmt":"2025-06-20T11:23:37","slug":"sig-sauer-p220-legion","status":"publish","type":"product","link":"https:\/\/www.strzelnica-magnum.pl\/en\/uzbrojenie\/bron-krotka\/sig-sauer-p220-legion\/","title":{"rendered":"Sig Sauer P220 Legion"},"content":{"rendered":"<p><strong>P220 Legion<\/strong> to ulepszona wersja pistoletu, od kt\u00f3rego wszystko zacz\u0119\u0142o si\u0119 dla wsp\u00f3\u0142czesnego SIG-a. Wyko\u0144czony w opatentowanej szarej pow\u0142oce LEGION i wyposa\u017cony w niestandardowe ok\u0142adziny chwytu G-10 z medalionem LEGION, P220 LEGION jest ulepszony pod niemal ka\u017cdym wzgl\u0119dem. Zamek ze stali nierdzewnej posiada przyrz\u0105dy celownicze SIG SAUER Electro-Optics X-RAY o wysokiej widoczno\u015bci w dzie\u0144 i w nocy, a tak\u017ce przednie naci\u0119cia na zamku, kt\u00f3re zapewniaj\u0105 lepszy chwyt podczas prze\u0142adowania, roz\u0142adowywania broni lub sprawdzania stanu za\u0142adowania. Dost\u0119pny w wersji DA\/SA oraz SAO.<\/p>\n<p>P220 posiada zredukowany i wyprofilowany \u201ebobrzy ogon\u201d (beavertail) typu Elite, kt\u00f3ry pozwala na wy\u017cszy chwyt i zmniejsza profil broni, eliminuj\u0105c tym samym jej odznaczanie si\u0119 pod ubraniem. Agresywniejsze teksturowanie na przednim pasie chwytu oraz dodatkowe teksturowanie pod kab\u0142\u0105kiem spustowym poprawiaj\u0105 przyczepno\u015b\u0107. Na kab\u0142\u0105ku spustowym zastosowano podci\u0119cie typu X-Five, co pozwala na wy\u017cszy chwyt i wi\u0119ksz\u0105 kontrol\u0119. P220 LEGION posiada r\u00f3wnie\u017c niskoprofilowe d\u017awignie zwalniania kurka i zatrzasku zamka, aby zmniejszy\u0107 ryzyko zahaczenia. Udoskonalona, polerowana praca mechanizm\u00f3w spustowych z systemem SRT (Short-Reset Trigger &#8211; spust z kr\u00f3tkim resetem) zosta\u0142a wzbogacona o spust P-SAIT zaprojektowany przez Grayguns, Inc. Dodatkowo, lita stalowa \u017cerd\u017a spr\u0119\u017cyny powrotnej dodaje wagi tam, gdzie ma to najwi\u0119ksze znaczenie. P220 LEGION dostarczany jest z trzema 8-nabojowymi magazynkami.<\/p>\n<p><strong>Cena 11 200 z\u0142<\/strong><\/p>\n<p><em>Bro\u0144 palna, amunicja i istotne elementy broni nie s\u0105 sprzedawane on-line. Mo\u017cna je naby\u0107 osobi\u015bcie w naszym sklepie. Warunkiem nabycia broni jest przed\u0142o\u017cenie aktualnego za\u015bwiadczenia (promesy) uprawniaj\u0105cej do zakupu broni oraz dowodu osobistego. Niniejsz\u0105 ofert\u0119 zamieszczamy w celu pogl\u0105dowym. Przed zakupem broni prosimy o kontakt telefoniczny.<\/em><\/p>\n","protected":false},"excerpt":{"rendered":"<p>P220 Legion to ulepszona wersja pistoletu, od kt\u00f3rego wszystko zacz\u0119\u0142o si\u0119 dla wsp\u00f3\u0142czesnego SIG-a. Wyko\u0144czony w opatentowanej szarej pow\u0142oce LEGION i wyposa\u017cony w niestandardowe ok\u0142adziny chwytu<span class=\"excerpt-hellip\"> [\u2026]<\/span><\/p>\n","protected":false},"featured_media":2653,"comment_status":"closed","ping_status":"closed","template":"","meta":[],"product_cat":[42,151],"product_tag":[],"class_list":{"0":"post-2652","1":"product","2":"type-product","3":"status-publish","4":"has-post-thumbnail","6":"product_cat-bron-krotka","7":"product_cat-sig-sauer","9":"first","10":"instock","11":"shipping-taxable","12":"product-type-simple"},"_links":{"self":[{"href":"https:\/\/www.strzelnica-magnum.pl\/en\/wp-json\/wp\/v2\/product\/2652","targetHints":{"allow":["GET"]}}],"collection":[{"href":"https:\/\/www.strzelnica-magnum.pl\/en\/wp-json\/wp\/v2\/product"}],"about":[{"href":"https:\/\/www.strzelnica-magnum.pl\/en\/wp-json\/wp\/v2\/types\/product"}],"replies":[{"embeddable":true,"href":"https:\/\/www.strzelnica-magnum.pl\/en\/wp-json\/wp\/v2\/comments?post=2652"}],"wp:featuredmedia":[{"embeddable":true,"href":"https:\/\/www.strzelnica-magnum.pl\/en\/wp-json\/wp\/v2\/media\/2653"}],"wp:attachment":[{"href":"https:\/\/www.strzelnica-magnum.pl\/en\/wp-json\/wp\/v2\/media?parent=2652"}],"wp:term":[{"taxonomy":"product_cat","embeddable":true,"href":"https:\/\/www.strzelnica-magnum.pl\/en\/wp-json\/wp\/v2\/product_cat?post=2652"},{"taxonomy":"product_tag","embeddable":true,"href":"https:\/\/www.strzelnica-magnum.pl\/en\/wp-json\/wp\/v2\/product_tag?post=2652"}],"curies":[{"name":"wp","href":"https:\/\/api.w.org\/{rel}","templated":true}]}}