{"id":2646,"date":"2025-06-20T11:01:13","date_gmt":"2025-06-20T11:01:13","guid":{"rendered":"https:\/\/www.strzelnica-magnum.pl\/?post_type=product&#038;p=2646"},"modified":"2025-06-20T11:11:13","modified_gmt":"2025-06-20T11:11:13","slug":"sig-sauer-p220-elite","status":"publish","type":"product","link":"https:\/\/www.strzelnica-magnum.pl\/en\/uzbrojenie\/bron-krotka\/sig-sauer-p220-elite\/","title":{"rendered":"Sig Sauer P220 Elite"},"content":{"rendered":"<p><strong>P220 Elite<\/strong> jest odwzorowaniem ameryka\u0144skiego pistoletu bojowego 1911 z modyfikacj\u0105 w postaci dwurz\u0119dowego magazynka \u00a0w kalibrze .45 ACP. Sta\u0142e, niskoprofilowe przyrz\u0105dy celownicze i tradycyjna g\u0142adka, smuk\u0142a konstrukcja s\u0105 idealne do szybkiego dobywania broni. Wytrzyma\u0142e, parkerowane wyko\u0144czenie nadaje mu tward\u0105, g\u0142adk\u0105, matow\u0105 powierzchnie. Szkielet oraz zamek wykonane s\u0105 ze stali 4140, pistolety posiadaj\u0105 lufy wykonane metod\u0105 przeci\u0105gania bezwi\u00f3rowego. Ponadto, ka\u017cdy pistolet jest r\u0119cznie pasowany, a nast\u0119pnie testowany zgodnie z surowymi wytycznymi. 5-calowa lufa oferuje zr\u00f3wnowa\u017con\u0105 wag\u0119, aby pom\u00f3c w celno\u015bci i odrzucie, kt\u00f3re sprawi\u0142y, \u017ce oryginalny projekt 1911 sta\u0142 si\u0119 s\u0142awny. Podobnie jak wszystkie pistolety Rock Island 1911, GI Standard jest wyposa\u017cony w spust zapewniaj\u0105cy doskona\u0142e wra\u017cenia zaraz po wyj\u0119ciu z pude\u0142ka.<\/p>\n<p><strong>Cena 3250 z\u0142<\/strong><\/p>\n<p><em>Bro\u0144 palna, amunicja i istotne elementy broni nie s\u0105 sprzedawane on-line. Mo\u017cna je naby\u0107 osobi\u015bcie w naszym sklepie. Warunkiem nabycia broni jest przed\u0142o\u017cenie aktualnego za\u015bwiadczenia (promesy) uprawniaj\u0105cej do zakupu broni oraz dowodu osobistego. Niniejsz\u0105 ofert\u0119 zamieszczamy w celu pogl\u0105dowym. Przed zakupem broni prosimy o kontakt telefoniczny.<\/em><\/p>\n","protected":false},"excerpt":{"rendered":"<p>P220 Elite jest odwzorowaniem ameryka\u0144skiego pistoletu bojowego 1911 z modyfikacj\u0105 w postaci dwurz\u0119dowego magazynka \u00a0w kalibrze .45 ACP. Sta\u0142e, niskoprofilowe przyrz\u0105dy celownicze i tradycyjna g\u0142adka, smuk\u0142a<span class=\"excerpt-hellip\"> [\u2026]<\/span><\/p>\n","protected":false},"featured_media":2650,"comment_status":"closed","ping_status":"closed","template":"","meta":[],"product_cat":[42,151],"product_tag":[],"class_list":{"0":"post-2646","1":"product","2":"type-product","3":"status-publish","4":"has-post-thumbnail","6":"product_cat-bron-krotka","7":"product_cat-sig-sauer","9":"first","10":"instock","11":"shipping-taxable","12":"product-type-simple"},"_links":{"self":[{"href":"https:\/\/www.strzelnica-magnum.pl\/en\/wp-json\/wp\/v2\/product\/2646","targetHints":{"allow":["GET"]}}],"collection":[{"href":"https:\/\/www.strzelnica-magnum.pl\/en\/wp-json\/wp\/v2\/product"}],"about":[{"href":"https:\/\/www.strzelnica-magnum.pl\/en\/wp-json\/wp\/v2\/types\/product"}],"replies":[{"embeddable":true,"href":"https:\/\/www.strzelnica-magnum.pl\/en\/wp-json\/wp\/v2\/comments?post=2646"}],"wp:featuredmedia":[{"embeddable":true,"href":"https:\/\/www.strzelnica-magnum.pl\/en\/wp-json\/wp\/v2\/media\/2650"}],"wp:attachment":[{"href":"https:\/\/www.strzelnica-magnum.pl\/en\/wp-json\/wp\/v2\/media?parent=2646"}],"wp:term":[{"taxonomy":"product_cat","embeddable":true,"href":"https:\/\/www.strzelnica-magnum.pl\/en\/wp-json\/wp\/v2\/product_cat?post=2646"},{"taxonomy":"product_tag","embeddable":true,"href":"https:\/\/www.strzelnica-magnum.pl\/en\/wp-json\/wp\/v2\/product_tag?post=2646"}],"curies":[{"name":"wp","href":"https:\/\/api.w.org\/{rel}","templated":true}]}}