{"id":2641,"date":"2025-06-20T10:52:54","date_gmt":"2025-06-20T10:52:54","guid":{"rendered":"https:\/\/www.strzelnica-magnum.pl\/?post_type=product&#038;p=2641"},"modified":"2025-06-20T10:52:54","modified_gmt":"2025-06-20T10:52:54","slug":"sig-sauer-p210","status":"publish","type":"product","link":"https:\/\/www.strzelnica-magnum.pl\/en\/uzbrojenie\/bron-krotka\/sig-sauer-p210\/","title":{"rendered":"Sig Sauer P210"},"content":{"rendered":"<p><strong>P210 Target<\/strong> \u0142\u0105czy precyzj\u0119 swojego szwajcarskiego poprzednika z 1947 roku z nowymi, eleganckimi, niestandardowymi orzechowymi chwytami, precyzyjnie obrobionym zamkiem i szkieletem ze stali nierdzewnej oraz lekkim spustem typu \u201etarget\u201d. Te unowocze\u015bnione cechy oddaj\u0105 ho\u0142d oryginalnemu rzemios\u0142u i wynosz\u0105 bro\u0144 na bardziej konkurencyjny poziom strzelectwa tarczowego. Model P210 Target, zaprojektowany z my\u015bl\u0105 o dobrym wywa\u017ceniu w jednej lub obu d\u0142oniach, zasilany jest amunicj\u0105 9 mm i wyposa\u017cony zar\u00f3wno w regulowan\u0105 tyln\u0105, jak i \u015bwiat\u0142owodow\u0105 przedni\u0105 szczerbink\u0119. W zestawie znajduj\u0105 si\u0119 r\u00f3wnie\u017c dwa 8-nabojowe stalowe magazynki.<\/p>\n<p><strong>Cena 16 600 z\u0142<\/strong><\/p>\n<p><em>Bro\u0144 palna, amunicja i istotne elementy broni nie s\u0105 sprzedawane on-line. Mo\u017cna je naby\u0107 osobi\u015bcie w naszym sklepie. Warunkiem nabycia broni jest przed\u0142o\u017cenie aktualnego za\u015bwiadczenia (promesy) uprawniaj\u0105cej do zakupu broni oraz dowodu osobistego. Niniejsz\u0105 ofert\u0119 zamieszczamy w celu pogl\u0105dowym. Przed zakupem broni prosimy o kontakt telefoniczny.<\/em><\/p>\n","protected":false},"excerpt":{"rendered":"<p>P210 Target \u0142\u0105czy precyzj\u0119 swojego szwajcarskiego poprzednika z 1947 roku z nowymi, eleganckimi, niestandardowymi orzechowymi chwytami, precyzyjnie obrobionym zamkiem i szkieletem ze stali nierdzewnej oraz lekkim<span class=\"excerpt-hellip\"> [\u2026]<\/span><\/p>\n","protected":false},"featured_media":2642,"comment_status":"closed","ping_status":"closed","template":"","meta":[],"product_cat":[42,151],"product_tag":[],"class_list":{"0":"post-2641","1":"product","2":"type-product","3":"status-publish","4":"has-post-thumbnail","6":"product_cat-bron-krotka","7":"product_cat-sig-sauer","9":"first","10":"instock","11":"shipping-taxable","12":"product-type-simple"},"_links":{"self":[{"href":"https:\/\/www.strzelnica-magnum.pl\/en\/wp-json\/wp\/v2\/product\/2641","targetHints":{"allow":["GET"]}}],"collection":[{"href":"https:\/\/www.strzelnica-magnum.pl\/en\/wp-json\/wp\/v2\/product"}],"about":[{"href":"https:\/\/www.strzelnica-magnum.pl\/en\/wp-json\/wp\/v2\/types\/product"}],"replies":[{"embeddable":true,"href":"https:\/\/www.strzelnica-magnum.pl\/en\/wp-json\/wp\/v2\/comments?post=2641"}],"wp:featuredmedia":[{"embeddable":true,"href":"https:\/\/www.strzelnica-magnum.pl\/en\/wp-json\/wp\/v2\/media\/2642"}],"wp:attachment":[{"href":"https:\/\/www.strzelnica-magnum.pl\/en\/wp-json\/wp\/v2\/media?parent=2641"}],"wp:term":[{"taxonomy":"product_cat","embeddable":true,"href":"https:\/\/www.strzelnica-magnum.pl\/en\/wp-json\/wp\/v2\/product_cat?post=2641"},{"taxonomy":"product_tag","embeddable":true,"href":"https:\/\/www.strzelnica-magnum.pl\/en\/wp-json\/wp\/v2\/product_tag?post=2641"}],"curies":[{"name":"wp","href":"https:\/\/api.w.org\/{rel}","templated":true}]}}