{"id":2242,"date":"2024-04-26T16:00:54","date_gmt":"2024-04-26T16:00:54","guid":{"rendered":"https:\/\/www.strzelnica-magnum.pl\/?post_type=product&#038;p=2242"},"modified":"2024-04-26T16:02:21","modified_gmt":"2024-04-26T16:02:21","slug":"plytka-montazowa-pod-celowniki-optoelektroniczne","status":"publish","type":"product","link":"https:\/\/www.strzelnica-magnum.pl\/en\/uzbrojenie\/plytka-montazowa-pod-celowniki-optoelektroniczne\/","title":{"rendered":"P\u0142ytka monta\u017cowa pod celowniki Truglo, Mecanik M02"},"content":{"rendered":"","protected":false},"excerpt":{"rendered":"<p>P\u0142ytka monta\u017cowa pod celowniki Truglo i Mecanik M02<\/p>\n<p>Pasuje do modeli:<\/p>\n<ul>\n<li>TP9 SF ELITE<\/li>\n<li>TP9 SF ELITE-S<\/li>\n<li>TP9 SF<\/li>\n<li>TP9 SF MOD 2<\/li>\n<li>TP9 DA<\/li>\n<li>TP9 SA<\/li>\n<li>TP9 SAT<\/li>\n<li>TP9 DAT TP9 SA MOD 2<\/li>\n<li>TP9 V2<\/li>\n<li>TP9 SFT<\/li>\n<\/ul>\n<p>&nbsp;<\/p>\n","protected":false},"featured_media":2243,"comment_status":"closed","ping_status":"closed","template":"","meta":[],"product_cat":[41,131,132],"product_tag":[],"class_list":{"0":"post-2242","1":"product","2":"type-product","3":"status-publish","4":"has-post-thumbnail","6":"product_cat-uzbrojenie","7":"product_cat-akcesoria","8":"product_cat-canik-2","10":"first","11":"instock","12":"shipping-taxable","13":"product-type-simple"},"_links":{"self":[{"href":"https:\/\/www.strzelnica-magnum.pl\/en\/wp-json\/wp\/v2\/product\/2242","targetHints":{"allow":["GET"]}}],"collection":[{"href":"https:\/\/www.strzelnica-magnum.pl\/en\/wp-json\/wp\/v2\/product"}],"about":[{"href":"https:\/\/www.strzelnica-magnum.pl\/en\/wp-json\/wp\/v2\/types\/product"}],"replies":[{"embeddable":true,"href":"https:\/\/www.strzelnica-magnum.pl\/en\/wp-json\/wp\/v2\/comments?post=2242"}],"wp:featuredmedia":[{"embeddable":true,"href":"https:\/\/www.strzelnica-magnum.pl\/en\/wp-json\/wp\/v2\/media\/2243"}],"wp:attachment":[{"href":"https:\/\/www.strzelnica-magnum.pl\/en\/wp-json\/wp\/v2\/media?parent=2242"}],"wp:term":[{"taxonomy":"product_cat","embeddable":true,"href":"https:\/\/www.strzelnica-magnum.pl\/en\/wp-json\/wp\/v2\/product_cat?post=2242"},{"taxonomy":"product_tag","embeddable":true,"href":"https:\/\/www.strzelnica-magnum.pl\/en\/wp-json\/wp\/v2\/product_tag?post=2242"}],"curies":[{"name":"wp","href":"https:\/\/api.w.org\/{rel}","templated":true}]}}