{"id":2234,"date":"2024-04-26T12:47:23","date_gmt":"2024-04-26T12:47:23","guid":{"rendered":"https:\/\/www.strzelnica-magnum.pl\/?post_type=product&#038;p=2234"},"modified":"2024-04-26T12:47:23","modified_gmt":"2024-04-26T12:47:23","slug":"kabura-wewnetrzna-ghost-glock-43x","status":"publish","type":"product","link":"https:\/\/www.strzelnica-magnum.pl\/en\/uzbrojenie\/kabura-wewnetrzna-ghost-glock-43x\/","title":{"rendered":"Kabura wewn\u0119trzna Ghost Glock 43x"},"content":{"rendered":"","protected":false},"excerpt":{"rendered":"<p>Kabura wewn\u0119trza wykonana z perforowanej sk\u00f3ry i ABSu.<\/p>\n<p>Mocowana do paska na metalowy klips.<\/p>\n<p>W wersjach dla prawo i lewor\u0119cznych<\/p>\n<p>Kompatybilna z Glock 43X<\/p>\n<p><strong>Cena: 239 z\u0142<\/strong><\/p>\n","protected":false},"featured_media":2235,"comment_status":"closed","ping_status":"closed","template":"","meta":[],"product_cat":[41,131,150],"product_tag":[],"class_list":{"0":"post-2234","1":"product","2":"type-product","3":"status-publish","4":"has-post-thumbnail","6":"product_cat-uzbrojenie","7":"product_cat-akcesoria","8":"product_cat-ghost","10":"first","11":"instock","12":"shipping-taxable","13":"purchasable","14":"product-type-simple"},"_links":{"self":[{"href":"https:\/\/www.strzelnica-magnum.pl\/en\/wp-json\/wp\/v2\/product\/2234","targetHints":{"allow":["GET"]}}],"collection":[{"href":"https:\/\/www.strzelnica-magnum.pl\/en\/wp-json\/wp\/v2\/product"}],"about":[{"href":"https:\/\/www.strzelnica-magnum.pl\/en\/wp-json\/wp\/v2\/types\/product"}],"replies":[{"embeddable":true,"href":"https:\/\/www.strzelnica-magnum.pl\/en\/wp-json\/wp\/v2\/comments?post=2234"}],"wp:featuredmedia":[{"embeddable":true,"href":"https:\/\/www.strzelnica-magnum.pl\/en\/wp-json\/wp\/v2\/media\/2235"}],"wp:attachment":[{"href":"https:\/\/www.strzelnica-magnum.pl\/en\/wp-json\/wp\/v2\/media?parent=2234"}],"wp:term":[{"taxonomy":"product_cat","embeddable":true,"href":"https:\/\/www.strzelnica-magnum.pl\/en\/wp-json\/wp\/v2\/product_cat?post=2234"},{"taxonomy":"product_tag","embeddable":true,"href":"https:\/\/www.strzelnica-magnum.pl\/en\/wp-json\/wp\/v2\/product_tag?post=2234"}],"curies":[{"name":"wp","href":"https:\/\/api.w.org\/{rel}","templated":true}]}}