{"id":2222,"date":"2024-04-25T13:42:08","date_gmt":"2024-04-25T13:42:08","guid":{"rendered":"https:\/\/www.strzelnica-magnum.pl\/?post_type=product&#038;p=2222"},"modified":"2025-07-22T13:38:22","modified_gmt":"2025-07-22T13:38:22","slug":"kabura-wewnetrzna-akar-p1016","status":"publish","type":"product","link":"https:\/\/www.strzelnica-magnum.pl\/en\/uzbrojenie\/kabura-wewnetrzna-akar-p1016\/","title":{"rendered":"Kabura wewn\u0119trzna AKAR P1016"},"content":{"rendered":"","protected":false},"excerpt":{"rendered":"<p>Kabura wewn\u0119trza polimerowa.<\/p>\n<p>Kabura w systemie optics redy, daje mo\u017cliwo\u015b\u0107 noszenia broni z celownikami optoelektronicznymi. Spinka do paska z mo\u017cliwo\u015bci\u0105 regulacji k\u0105ta ustawienia kabury.<\/p>\n<p>Kompatybilna z : Canik seria TP9, METE<\/p>\n<p><strong>Cena: 165 z\u0142<\/strong><\/p>\n","protected":false},"featured_media":2223,"comment_status":"closed","ping_status":"closed","template":"","meta":[],"product_cat":[41,134,131],"product_tag":[],"class_list":{"0":"post-2222","1":"product","2":"type-product","3":"status-publish","4":"has-post-thumbnail","6":"product_cat-uzbrojenie","7":"product_cat-akar","8":"product_cat-akcesoria","10":"first","11":"instock","12":"shipping-taxable","13":"purchasable","14":"product-type-simple"},"_links":{"self":[{"href":"https:\/\/www.strzelnica-magnum.pl\/en\/wp-json\/wp\/v2\/product\/2222","targetHints":{"allow":["GET"]}}],"collection":[{"href":"https:\/\/www.strzelnica-magnum.pl\/en\/wp-json\/wp\/v2\/product"}],"about":[{"href":"https:\/\/www.strzelnica-magnum.pl\/en\/wp-json\/wp\/v2\/types\/product"}],"replies":[{"embeddable":true,"href":"https:\/\/www.strzelnica-magnum.pl\/en\/wp-json\/wp\/v2\/comments?post=2222"}],"wp:featuredmedia":[{"embeddable":true,"href":"https:\/\/www.strzelnica-magnum.pl\/en\/wp-json\/wp\/v2\/media\/2223"}],"wp:attachment":[{"href":"https:\/\/www.strzelnica-magnum.pl\/en\/wp-json\/wp\/v2\/media?parent=2222"}],"wp:term":[{"taxonomy":"product_cat","embeddable":true,"href":"https:\/\/www.strzelnica-magnum.pl\/en\/wp-json\/wp\/v2\/product_cat?post=2222"},{"taxonomy":"product_tag","embeddable":true,"href":"https:\/\/www.strzelnica-magnum.pl\/en\/wp-json\/wp\/v2\/product_tag?post=2222"}],"curies":[{"name":"wp","href":"https:\/\/api.w.org\/{rel}","templated":true}]}}