{"id":2208,"date":"2024-04-25T11:56:56","date_gmt":"2024-04-25T11:56:56","guid":{"rendered":"https:\/\/www.strzelnica-magnum.pl\/?post_type=product&#038;p=2208"},"modified":"2025-07-22T13:38:42","modified_gmt":"2025-07-22T13:38:42","slug":"kabura-akar-p1007","status":"publish","type":"product","link":"https:\/\/www.strzelnica-magnum.pl\/en\/uzbrojenie\/kabura-akar-p1007\/","title":{"rendered":"Kabura AKAR P1007"},"content":{"rendered":"","protected":false},"excerpt":{"rendered":"<p>Kabura udowa AKAR<\/p>\n<p>Kabura posiada zabezpieczenie w postaci pa\u0142\u0105ka trzymaj\u0105cego zamek w systemie &#8220;SLS&#8221;. W zestawie dwa monta\u017ce p\u0142etwa udowa i monta\u017c bezpo\u015bredni na pas. P\u0142etwa udowa posiada regulacje wysoko\u015bci na 3 poziomach, monta\u017c pozwala na regulacje pochylenia kabury w zakresie 360 stopni.<\/p>\n<p>Kabury dost\u0119pne w wersjach prawo i lewor\u0119cznych kompatybilnych z<\/p>\n<ul>\n<li>Glock 17\/19<\/li>\n<li>Canik seria TP9 (nie pasuj\u0105 do modeli subcompact i TP9 SFx)<\/li>\n<\/ul>\n<p><strong>Cena: 165 z\u0142.<\/strong><\/p>\n<p>&nbsp;<\/p>\n","protected":false},"featured_media":2217,"comment_status":"closed","ping_status":"closed","template":"","meta":[],"product_cat":[41,134,131],"product_tag":[],"class_list":{"0":"post-2208","1":"product","2":"type-product","3":"status-publish","4":"has-post-thumbnail","6":"product_cat-uzbrojenie","7":"product_cat-akar","8":"product_cat-akcesoria","10":"first","11":"instock","12":"shipping-taxable","13":"purchasable","14":"product-type-simple"},"_links":{"self":[{"href":"https:\/\/www.strzelnica-magnum.pl\/en\/wp-json\/wp\/v2\/product\/2208","targetHints":{"allow":["GET"]}}],"collection":[{"href":"https:\/\/www.strzelnica-magnum.pl\/en\/wp-json\/wp\/v2\/product"}],"about":[{"href":"https:\/\/www.strzelnica-magnum.pl\/en\/wp-json\/wp\/v2\/types\/product"}],"replies":[{"embeddable":true,"href":"https:\/\/www.strzelnica-magnum.pl\/en\/wp-json\/wp\/v2\/comments?post=2208"}],"wp:featuredmedia":[{"embeddable":true,"href":"https:\/\/www.strzelnica-magnum.pl\/en\/wp-json\/wp\/v2\/media\/2217"}],"wp:attachment":[{"href":"https:\/\/www.strzelnica-magnum.pl\/en\/wp-json\/wp\/v2\/media?parent=2208"}],"wp:term":[{"taxonomy":"product_cat","embeddable":true,"href":"https:\/\/www.strzelnica-magnum.pl\/en\/wp-json\/wp\/v2\/product_cat?post=2208"},{"taxonomy":"product_tag","embeddable":true,"href":"https:\/\/www.strzelnica-magnum.pl\/en\/wp-json\/wp\/v2\/product_tag?post=2208"}],"curies":[{"name":"wp","href":"https:\/\/api.w.org\/{rel}","templated":true}]}}