{"id":2201,"date":"2024-04-20T13:42:38","date_gmt":"2024-04-20T13:42:38","guid":{"rendered":"https:\/\/www.strzelnica-magnum.pl\/?post_type=product&#038;p=2201"},"modified":"2025-07-22T13:39:36","modified_gmt":"2025-07-22T13:39:36","slug":"kabura-akar-r-7210","status":"publish","type":"product","link":"https:\/\/www.strzelnica-magnum.pl\/en\/uzbrojenie\/kabura-akar-r-7210\/","title":{"rendered":"Kabura AKAR R 7210"},"content":{"rendered":"","protected":false},"excerpt":{"rendered":"<p>Kabura uniwersalna prawor\u0119czna, montowana na pas. Posiada dwa paski zabezpieczaj\u0105ce jeden mi\u0119kki trzymaj\u0105cy za chwyt, drugi sztywny trzymaj\u0105cy zamek oba zapinane na klips. Kabura posiada kiesze\u0144 na magazynek.<\/p>\n<p>Kompatybilna z wi\u0119kszo\u015bci\u0105 \u015brednich i wi\u0119kszych pistolet\u00f3w.<\/p>\n<p><strong>Cena: 165 z\u0142<\/strong><\/p>\n","protected":false},"featured_media":2202,"comment_status":"closed","ping_status":"closed","template":"","meta":[],"product_cat":[41,134,131],"product_tag":[],"class_list":{"0":"post-2201","1":"product","2":"type-product","3":"status-publish","4":"has-post-thumbnail","6":"product_cat-uzbrojenie","7":"product_cat-akar","8":"product_cat-akcesoria","10":"first","11":"instock","12":"shipping-taxable","13":"purchasable","14":"product-type-simple"},"_links":{"self":[{"href":"https:\/\/www.strzelnica-magnum.pl\/en\/wp-json\/wp\/v2\/product\/2201","targetHints":{"allow":["GET"]}}],"collection":[{"href":"https:\/\/www.strzelnica-magnum.pl\/en\/wp-json\/wp\/v2\/product"}],"about":[{"href":"https:\/\/www.strzelnica-magnum.pl\/en\/wp-json\/wp\/v2\/types\/product"}],"replies":[{"embeddable":true,"href":"https:\/\/www.strzelnica-magnum.pl\/en\/wp-json\/wp\/v2\/comments?post=2201"}],"wp:featuredmedia":[{"embeddable":true,"href":"https:\/\/www.strzelnica-magnum.pl\/en\/wp-json\/wp\/v2\/media\/2202"}],"wp:attachment":[{"href":"https:\/\/www.strzelnica-magnum.pl\/en\/wp-json\/wp\/v2\/media?parent=2201"}],"wp:term":[{"taxonomy":"product_cat","embeddable":true,"href":"https:\/\/www.strzelnica-magnum.pl\/en\/wp-json\/wp\/v2\/product_cat?post=2201"},{"taxonomy":"product_tag","embeddable":true,"href":"https:\/\/www.strzelnica-magnum.pl\/en\/wp-json\/wp\/v2\/product_tag?post=2201"}],"curies":[{"name":"wp","href":"https:\/\/api.w.org\/{rel}","templated":true}]}}