{"id":2198,"date":"2024-04-20T12:26:19","date_gmt":"2024-04-20T12:26:19","guid":{"rendered":"https:\/\/www.strzelnica-magnum.pl\/?post_type=product&#038;p=2198"},"modified":"2025-07-22T13:37:17","modified_gmt":"2025-07-22T13:37:17","slug":"kabura-akar-r-7231","status":"publish","type":"product","link":"https:\/\/www.strzelnica-magnum.pl\/en\/uzbrojenie\/kabura-akar-r-7231\/","title":{"rendered":"Kabura AKAR R 7231"},"content":{"rendered":"","protected":false},"excerpt":{"rendered":"<p>Kabura uniwersalna wykonana z tkaniny impertex. Mocowana bezpo\u015brednio do pasa zar\u00f3wno dla os\u00f3b prawo- i lewor\u0119cznych. zabezpieczana paskiem na klips kt\u00f3ry mo\u017cna dopasowa\u0107 do wielko\u015bci broni oraz prze\u0142o\u017cy\u0107 na lew\u0105 i praw\u0105 r\u0119k\u0119. Kabura posiada kiesze\u0144 na magazynek.<\/p>\n<p>Pasuje do wi\u0119kszo\u015bci \u015brednich pistolet\u00f3w<\/p>\n<p><strong>Cena: 165 z\u0142<\/strong><\/p>\n","protected":false},"featured_media":2199,"comment_status":"closed","ping_status":"closed","template":"","meta":[],"product_cat":[41,134,131],"product_tag":[],"class_list":{"0":"post-2198","1":"product","2":"type-product","3":"status-publish","4":"has-post-thumbnail","6":"product_cat-uzbrojenie","7":"product_cat-akar","8":"product_cat-akcesoria","10":"first","11":"instock","12":"shipping-taxable","13":"purchasable","14":"product-type-simple"},"_links":{"self":[{"href":"https:\/\/www.strzelnica-magnum.pl\/en\/wp-json\/wp\/v2\/product\/2198","targetHints":{"allow":["GET"]}}],"collection":[{"href":"https:\/\/www.strzelnica-magnum.pl\/en\/wp-json\/wp\/v2\/product"}],"about":[{"href":"https:\/\/www.strzelnica-magnum.pl\/en\/wp-json\/wp\/v2\/types\/product"}],"replies":[{"embeddable":true,"href":"https:\/\/www.strzelnica-magnum.pl\/en\/wp-json\/wp\/v2\/comments?post=2198"}],"wp:featuredmedia":[{"embeddable":true,"href":"https:\/\/www.strzelnica-magnum.pl\/en\/wp-json\/wp\/v2\/media\/2199"}],"wp:attachment":[{"href":"https:\/\/www.strzelnica-magnum.pl\/en\/wp-json\/wp\/v2\/media?parent=2198"}],"wp:term":[{"taxonomy":"product_cat","embeddable":true,"href":"https:\/\/www.strzelnica-magnum.pl\/en\/wp-json\/wp\/v2\/product_cat?post=2198"},{"taxonomy":"product_tag","embeddable":true,"href":"https:\/\/www.strzelnica-magnum.pl\/en\/wp-json\/wp\/v2\/product_tag?post=2198"}],"curies":[{"name":"wp","href":"https:\/\/api.w.org\/{rel}","templated":true}]}}