{"id":2192,"date":"2024-04-20T11:01:41","date_gmt":"2024-04-20T11:01:41","guid":{"rendered":"https:\/\/www.strzelnica-magnum.pl\/?post_type=product&#038;p=2192"},"modified":"2025-07-22T13:37:37","modified_gmt":"2025-07-22T13:37:37","slug":"polimerowa-kabura-akar-p-1020","status":"publish","type":"product","link":"https:\/\/www.strzelnica-magnum.pl\/en\/uzbrojenie\/polimerowa-kabura-akar-p-1020\/","title":{"rendered":"Kabura AKAR P 1020"},"content":{"rendered":"","protected":false},"excerpt":{"rendered":"<p>Kabura z dwoma rodzajami zabezpiecze\u0144 w zestawie, klasyczny pasek na klips i pa\u0142\u0105k zabezpieczaj\u0105cy w systemie &#8220;SLS&#8221;. Wyposa\u017cona jest w \u015brub\u0119 do regulowania retencji co umo\u017cliwia dopasowanie kabury pod w\u0142asne preferencje. Kabura zewn\u0119trza z monta\u017cem na pas.<\/p>\n<p>kompatybilna z Canik SF, Mete, SA V2, DA, Elite i Combat.<\/p>\n<p><strong>Cena: 165 z\u0142<\/strong><\/p>\n","protected":false},"featured_media":2196,"comment_status":"closed","ping_status":"closed","template":"","meta":[],"product_cat":[41,134,131],"product_tag":[],"class_list":{"0":"post-2192","1":"product","2":"type-product","3":"status-publish","4":"has-post-thumbnail","6":"product_cat-uzbrojenie","7":"product_cat-akar","8":"product_cat-akcesoria","10":"first","11":"instock","12":"shipping-taxable","13":"product-type-simple"},"_links":{"self":[{"href":"https:\/\/www.strzelnica-magnum.pl\/en\/wp-json\/wp\/v2\/product\/2192","targetHints":{"allow":["GET"]}}],"collection":[{"href":"https:\/\/www.strzelnica-magnum.pl\/en\/wp-json\/wp\/v2\/product"}],"about":[{"href":"https:\/\/www.strzelnica-magnum.pl\/en\/wp-json\/wp\/v2\/types\/product"}],"replies":[{"embeddable":true,"href":"https:\/\/www.strzelnica-magnum.pl\/en\/wp-json\/wp\/v2\/comments?post=2192"}],"wp:featuredmedia":[{"embeddable":true,"href":"https:\/\/www.strzelnica-magnum.pl\/en\/wp-json\/wp\/v2\/media\/2196"}],"wp:attachment":[{"href":"https:\/\/www.strzelnica-magnum.pl\/en\/wp-json\/wp\/v2\/media?parent=2192"}],"wp:term":[{"taxonomy":"product_cat","embeddable":true,"href":"https:\/\/www.strzelnica-magnum.pl\/en\/wp-json\/wp\/v2\/product_cat?post=2192"},{"taxonomy":"product_tag","embeddable":true,"href":"https:\/\/www.strzelnica-magnum.pl\/en\/wp-json\/wp\/v2\/product_tag?post=2192"}],"curies":[{"name":"wp","href":"https:\/\/api.w.org\/{rel}","templated":true}]}}