{"id":2184,"date":"2024-04-18T13:18:03","date_gmt":"2024-04-18T13:18:03","guid":{"rendered":"https:\/\/www.strzelnica-magnum.pl\/?post_type=product&#038;p=2184"},"modified":"2025-07-22T13:37:53","modified_gmt":"2025-07-22T13:37:53","slug":"uniwersalna-kabura-wewnetrza-akar","status":"publish","type":"product","link":"https:\/\/www.strzelnica-magnum.pl\/en\/uzbrojenie\/uniwersalna-kabura-wewnetrza-akar\/","title":{"rendered":"Kabura wewn\u0119trza AKAR IC 7924"},"content":{"rendered":"","protected":false},"excerpt":{"rendered":"<p>Uniwersala kabura wewn\u0119trzna AKAR.<\/p>\n<p>Kabura wykonana z mi\u0119kkiego i przepuszczaj\u0105cego powietrze materia\u0142u.<\/p>\n<p>Kompatybilna z wi\u0119kszo\u015bci\u0105 ma\u0142ych pistolet\u00f3w<\/p>\n<p><strong>Cena: 165 z\u0142\u00a0<\/strong><\/p>\n","protected":false},"featured_media":2185,"comment_status":"closed","ping_status":"closed","template":"","meta":[],"product_cat":[41,134,131],"product_tag":[],"class_list":{"0":"post-2184","1":"product","2":"type-product","3":"status-publish","4":"has-post-thumbnail","6":"product_cat-uzbrojenie","7":"product_cat-akar","8":"product_cat-akcesoria","10":"first","11":"instock","12":"shipping-taxable","13":"purchasable","14":"product-type-simple"},"_links":{"self":[{"href":"https:\/\/www.strzelnica-magnum.pl\/en\/wp-json\/wp\/v2\/product\/2184","targetHints":{"allow":["GET"]}}],"collection":[{"href":"https:\/\/www.strzelnica-magnum.pl\/en\/wp-json\/wp\/v2\/product"}],"about":[{"href":"https:\/\/www.strzelnica-magnum.pl\/en\/wp-json\/wp\/v2\/types\/product"}],"replies":[{"embeddable":true,"href":"https:\/\/www.strzelnica-magnum.pl\/en\/wp-json\/wp\/v2\/comments?post=2184"}],"wp:featuredmedia":[{"embeddable":true,"href":"https:\/\/www.strzelnica-magnum.pl\/en\/wp-json\/wp\/v2\/media\/2185"}],"wp:attachment":[{"href":"https:\/\/www.strzelnica-magnum.pl\/en\/wp-json\/wp\/v2\/media?parent=2184"}],"wp:term":[{"taxonomy":"product_cat","embeddable":true,"href":"https:\/\/www.strzelnica-magnum.pl\/en\/wp-json\/wp\/v2\/product_cat?post=2184"},{"taxonomy":"product_tag","embeddable":true,"href":"https:\/\/www.strzelnica-magnum.pl\/en\/wp-json\/wp\/v2\/product_tag?post=2184"}],"curies":[{"name":"wp","href":"https:\/\/api.w.org\/{rel}","templated":true}]}}