{"id":2169,"date":"2024-04-17T12:40:14","date_gmt":"2024-04-17T12:40:14","guid":{"rendered":"https:\/\/www.strzelnica-magnum.pl\/?post_type=product&#038;p=2169"},"modified":"2024-04-17T12:56:20","modified_gmt":"2024-04-17T12:56:20","slug":"aluminiowa-stopka-magazynka-3-czarna","status":"publish","type":"product","link":"https:\/\/www.strzelnica-magnum.pl\/en\/uzbrojenie\/aluminiowa-stopka-magazynka-3-czarna\/","title":{"rendered":"Aluminiowa stopka magazynka +3 Czarna"},"content":{"rendered":"","protected":false},"excerpt":{"rendered":"<p>Aluminiowa stopka magazynka powi\u0119ksza pojemno\u015b\u0107 magazynka o 3 sztuki amunicji.<\/p>\n<p>Pasuje do modeli:<\/p>\n<ul>\n<li>TP9 SF ELITE<\/li>\n<li>TP9 SF ELITE-S<\/li>\n<li>TP9 ELITE COMBAT<\/li>\n<li>TP9 ELITE-S COMBAT<\/li>\n<li>TP9 SF METE<\/li>\n<li>TP9 SF METE-S<\/li>\n<li>METE SF<\/li>\n<li>METE SF PRO<\/li>\n<\/ul>\n<p><strong>Cena: 108 z\u0142<\/strong><\/p>\n","protected":false},"featured_media":2170,"comment_status":"closed","ping_status":"closed","template":"","meta":[],"product_cat":[41,131,132],"product_tag":[],"class_list":{"0":"post-2169","1":"product","2":"type-product","3":"status-publish","4":"has-post-thumbnail","6":"product_cat-uzbrojenie","7":"product_cat-akcesoria","8":"product_cat-canik-2","10":"first","11":"instock","12":"shipping-taxable","13":"purchasable","14":"product-type-simple"},"_links":{"self":[{"href":"https:\/\/www.strzelnica-magnum.pl\/en\/wp-json\/wp\/v2\/product\/2169","targetHints":{"allow":["GET"]}}],"collection":[{"href":"https:\/\/www.strzelnica-magnum.pl\/en\/wp-json\/wp\/v2\/product"}],"about":[{"href":"https:\/\/www.strzelnica-magnum.pl\/en\/wp-json\/wp\/v2\/types\/product"}],"replies":[{"embeddable":true,"href":"https:\/\/www.strzelnica-magnum.pl\/en\/wp-json\/wp\/v2\/comments?post=2169"}],"wp:featuredmedia":[{"embeddable":true,"href":"https:\/\/www.strzelnica-magnum.pl\/en\/wp-json\/wp\/v2\/media\/2170"}],"wp:attachment":[{"href":"https:\/\/www.strzelnica-magnum.pl\/en\/wp-json\/wp\/v2\/media?parent=2169"}],"wp:term":[{"taxonomy":"product_cat","embeddable":true,"href":"https:\/\/www.strzelnica-magnum.pl\/en\/wp-json\/wp\/v2\/product_cat?post=2169"},{"taxonomy":"product_tag","embeddable":true,"href":"https:\/\/www.strzelnica-magnum.pl\/en\/wp-json\/wp\/v2\/product_tag?post=2169"}],"curies":[{"name":"wp","href":"https:\/\/api.w.org\/{rel}","templated":true}]}}