{"id":2163,"date":"2024-04-17T11:11:51","date_gmt":"2024-04-17T11:11:51","guid":{"rendered":"https:\/\/www.strzelnica-magnum.pl\/?post_type=product&#038;p=2163"},"modified":"2024-04-17T11:11:51","modified_gmt":"2024-04-17T11:11:51","slug":"przyrzady-celownicze-canik-2","status":"publish","type":"product","link":"https:\/\/www.strzelnica-magnum.pl\/en\/uzbrojenie\/przyrzady-celownicze-canik-2\/","title":{"rendered":"Przyrz\u0105dy celownicze CANIK"},"content":{"rendered":"","protected":false},"excerpt":{"rendered":"<p>Przyrz\u0105dy celownicze Canik\u00a0 zaprojektowane w wsp\u00f3\u0142pracy z WARREN. Czerwona \u015bwiat\u0142owodowa muszka i czarna szczerbinka WARREN.<\/p>\n<p>Pasuje do modeli:<\/p>\n<ul>\n<li>TP9 SFX<\/li>\n<li>TP9 ELITE COMBAT<\/li>\n<li>TP9 ELITE-S COMBAT<\/li>\n<\/ul>\n<p><strong>Cena: 250 z\u0142<\/strong><\/p>\n<p>&nbsp;<\/p>\n","protected":false},"featured_media":2165,"comment_status":"closed","ping_status":"closed","template":"","meta":[],"product_cat":[41,131,132],"product_tag":[],"class_list":{"0":"post-2163","1":"product","2":"type-product","3":"status-publish","4":"has-post-thumbnail","6":"product_cat-uzbrojenie","7":"product_cat-akcesoria","8":"product_cat-canik-2","10":"first","11":"instock","12":"shipping-taxable","13":"purchasable","14":"product-type-simple"},"_links":{"self":[{"href":"https:\/\/www.strzelnica-magnum.pl\/en\/wp-json\/wp\/v2\/product\/2163","targetHints":{"allow":["GET"]}}],"collection":[{"href":"https:\/\/www.strzelnica-magnum.pl\/en\/wp-json\/wp\/v2\/product"}],"about":[{"href":"https:\/\/www.strzelnica-magnum.pl\/en\/wp-json\/wp\/v2\/types\/product"}],"replies":[{"embeddable":true,"href":"https:\/\/www.strzelnica-magnum.pl\/en\/wp-json\/wp\/v2\/comments?post=2163"}],"wp:featuredmedia":[{"embeddable":true,"href":"https:\/\/www.strzelnica-magnum.pl\/en\/wp-json\/wp\/v2\/media\/2165"}],"wp:attachment":[{"href":"https:\/\/www.strzelnica-magnum.pl\/en\/wp-json\/wp\/v2\/media?parent=2163"}],"wp:term":[{"taxonomy":"product_cat","embeddable":true,"href":"https:\/\/www.strzelnica-magnum.pl\/en\/wp-json\/wp\/v2\/product_cat?post=2163"},{"taxonomy":"product_tag","embeddable":true,"href":"https:\/\/www.strzelnica-magnum.pl\/en\/wp-json\/wp\/v2\/product_tag?post=2163"}],"curies":[{"name":"wp","href":"https:\/\/api.w.org\/{rel}","templated":true}]}}