{"id":2160,"date":"2024-04-16T12:59:49","date_gmt":"2024-04-16T12:59:49","guid":{"rendered":"https:\/\/www.strzelnica-magnum.pl\/?post_type=product&#038;p=2160"},"modified":"2024-04-16T13:01:54","modified_gmt":"2024-04-16T13:01:54","slug":"przyrzady-celownicze-canik","status":"publish","type":"product","link":"https:\/\/www.strzelnica-magnum.pl\/en\/uzbrojenie\/przyrzady-celownicze-canik\/","title":{"rendered":"Wysokie przyrz\u0105dy celownicze CANIK"},"content":{"rendered":"","protected":false},"excerpt":{"rendered":"<p>Wysokie przyrz\u0105dy celownicze Canik zaprojektowane do strzelania z urz\u0105dzeniami wylotowymi. Zestaw czerwona \u015bwiat\u0142owodowa muszka i czarna szczerbinka od WARRENa.<\/p>\n<p>Pasuje do modeli:<\/p>\n<ul>\n<li>TP9 DAT<\/li>\n<li>TP9 SAT<\/li>\n<li>TP9 SFT<\/li>\n<li>TP9 DA<\/li>\n<li>TP9 SF Mod 2<\/li>\n<li>TP9 SF ELITE<\/li>\n<li>TP9 SF ELITE-S<\/li>\n<li>TP9 SFL<\/li>\n<li>TP9 SFx<\/li>\n<li>TP9 SFx Mod 2<\/li>\n<li>TP9 ELITE COMBAT<\/li>\n<li>TP9 ELITE-S COMBAT<\/li>\n<\/ul>\n<p><strong>Cena 250 z\u0142<\/strong><\/p>\n<p>&nbsp;<\/p>\n","protected":false},"featured_media":2161,"comment_status":"closed","ping_status":"closed","template":"","meta":[],"product_cat":[41,131,132],"product_tag":[],"class_list":{"0":"post-2160","1":"product","2":"type-product","3":"status-publish","4":"has-post-thumbnail","6":"product_cat-uzbrojenie","7":"product_cat-akcesoria","8":"product_cat-canik-2","10":"first","11":"instock","12":"shipping-taxable","13":"purchasable","14":"product-type-simple"},"_links":{"self":[{"href":"https:\/\/www.strzelnica-magnum.pl\/en\/wp-json\/wp\/v2\/product\/2160","targetHints":{"allow":["GET"]}}],"collection":[{"href":"https:\/\/www.strzelnica-magnum.pl\/en\/wp-json\/wp\/v2\/product"}],"about":[{"href":"https:\/\/www.strzelnica-magnum.pl\/en\/wp-json\/wp\/v2\/types\/product"}],"replies":[{"embeddable":true,"href":"https:\/\/www.strzelnica-magnum.pl\/en\/wp-json\/wp\/v2\/comments?post=2160"}],"wp:featuredmedia":[{"embeddable":true,"href":"https:\/\/www.strzelnica-magnum.pl\/en\/wp-json\/wp\/v2\/media\/2161"}],"wp:attachment":[{"href":"https:\/\/www.strzelnica-magnum.pl\/en\/wp-json\/wp\/v2\/media?parent=2160"}],"wp:term":[{"taxonomy":"product_cat","embeddable":true,"href":"https:\/\/www.strzelnica-magnum.pl\/en\/wp-json\/wp\/v2\/product_cat?post=2160"},{"taxonomy":"product_tag","embeddable":true,"href":"https:\/\/www.strzelnica-magnum.pl\/en\/wp-json\/wp\/v2\/product_tag?post=2160"}],"curies":[{"name":"wp","href":"https:\/\/api.w.org\/{rel}","templated":true}]}}