{"id":2144,"date":"2024-04-12T11:50:44","date_gmt":"2024-04-12T11:50:44","guid":{"rendered":"https:\/\/www.strzelnica-magnum.pl\/?post_type=product&#038;p=2144"},"modified":"2024-04-12T12:13:23","modified_gmt":"2024-04-12T12:13:23","slug":"sprezyna-powrotna-niebieska","status":"publish","type":"product","link":"https:\/\/www.strzelnica-magnum.pl\/en\/uzbrojenie\/sprezyna-powrotna-niebieska\/","title":{"rendered":"Spr\u0119\u017cyna oporopowrotna Niebieska sub compact"},"content":{"rendered":"","protected":false},"excerpt":{"rendered":"<p>Zesp\u00f3\u0142 spr\u0119\u017cyny powrotnej o obni\u017conej twardo\u015bci.<\/p>\n<p>Wsp\u00f3\u0142pracuje z amunicj\u0105 o ni\u017cszej energii co pozwala na zredukowaniu podrzutu i odrzutu w trakcie strzelania.<\/p>\n<p>Pasuje do modeli:<\/p>\n<ul>\n<li>TP9 SUB METE<\/li>\n<li>TP9 SUB ELITE<\/li>\n<li>TP9 SUB ELITE CAS<\/li>\n<li>METE SC<\/li>\n<li>METE SC PRO<\/li>\n<\/ul>\n<p><strong>Cena: 158 z\u0142\u00a0<\/strong><\/p>\n","protected":false},"featured_media":2145,"comment_status":"closed","ping_status":"closed","template":"","meta":[],"product_cat":[41,131,132],"product_tag":[],"class_list":{"0":"post-2144","1":"product","2":"type-product","3":"status-publish","4":"has-post-thumbnail","6":"product_cat-uzbrojenie","7":"product_cat-akcesoria","8":"product_cat-canik-2","10":"first","11":"instock","12":"shipping-taxable","13":"purchasable","14":"product-type-simple"},"_links":{"self":[{"href":"https:\/\/www.strzelnica-magnum.pl\/en\/wp-json\/wp\/v2\/product\/2144","targetHints":{"allow":["GET"]}}],"collection":[{"href":"https:\/\/www.strzelnica-magnum.pl\/en\/wp-json\/wp\/v2\/product"}],"about":[{"href":"https:\/\/www.strzelnica-magnum.pl\/en\/wp-json\/wp\/v2\/types\/product"}],"replies":[{"embeddable":true,"href":"https:\/\/www.strzelnica-magnum.pl\/en\/wp-json\/wp\/v2\/comments?post=2144"}],"wp:featuredmedia":[{"embeddable":true,"href":"https:\/\/www.strzelnica-magnum.pl\/en\/wp-json\/wp\/v2\/media\/2145"}],"wp:attachment":[{"href":"https:\/\/www.strzelnica-magnum.pl\/en\/wp-json\/wp\/v2\/media?parent=2144"}],"wp:term":[{"taxonomy":"product_cat","embeddable":true,"href":"https:\/\/www.strzelnica-magnum.pl\/en\/wp-json\/wp\/v2\/product_cat?post=2144"},{"taxonomy":"product_tag","embeddable":true,"href":"https:\/\/www.strzelnica-magnum.pl\/en\/wp-json\/wp\/v2\/product_tag?post=2144"}],"curies":[{"name":"wp","href":"https:\/\/api.w.org\/{rel}","templated":true}]}}