{"id":2133,"date":"2024-04-11T16:46:25","date_gmt":"2024-04-11T16:46:25","guid":{"rendered":"https:\/\/www.strzelnica-magnum.pl\/?post_type=product&#038;p=2133"},"modified":"2024-04-11T16:50:35","modified_gmt":"2024-04-11T16:50:35","slug":"spust-canik-zloty","status":"publish","type":"product","link":"https:\/\/www.strzelnica-magnum.pl\/en\/uzbrojenie\/spust-canik-zloty\/","title":{"rendered":"Spust Canik z\u0142oty"},"content":{"rendered":"","protected":false},"excerpt":{"rendered":"<p>P\u0142aski aluminiowy spust do pistolet\u00f3w Canik<\/p>\n<p>Canik produkuje najlepsze na \u015bwiecie seryjne mechanizmy spustowe. Zesp\u00f3\u0142 CANIK Advanced 90 Degree Flat Aluminium Trigger stworzony przy u\u017cyciu tej technologii ma bardzo kr\u00f3tki skok oraz reset. Jednocze\u015bnie pozwala strzela\u0107 szybciej i dok\u0142adniej dzi\u0119ki specjalnej konstrukcji, kt\u00f3ra jest za\u0142amana pod k\u0105tem 90\u00b0.<\/p>\n<p>&nbsp;<\/p>\n<p>Cechy:<\/p>\n<ul>\n<li>K\u0105t za\u0142amania przy 90 stopniach<\/li>\n<li>Jest w 100% zaprojektowany przez CANIK R&amp;D.<\/li>\n<li>Wysoka technologia wykonania CNC,<\/li>\n<li>Wykonane z wysokiej jako\u015bci aluminium lotniczego,<\/li>\n<li>p\u0142aski spust,<\/li>\n<li>Specjalna z\u0105bkowana powierzchnia o szlifie diamentowym,<\/li>\n<\/ul>\n<p>&nbsp;<\/p>\n<p>Pasuje do modeli:<\/p>\n<ul>\n<li>TP9 SF ELITE<\/li>\n<li>TP9 ELITE COMBAT<\/li>\n<li>TP9 SFx MOD 2<\/li>\n<li>TP9 SF MOD 2<\/li>\n<li>TP9 SF METE<\/li>\n<li>TP9 SFT METE<\/li>\n<li>TP9 SFx METE<\/li>\n<li>TP9 SUB ELITE<\/li>\n<li>TP9 SUB ELITE CAS<\/li>\n<li>TP9 SUB METE<\/li>\n<li>TP9 ELITE SC<\/li>\n<li>TP9 ELITE SC CAS<\/li>\n<li>METE SF<\/li>\n<li>METE SF PRO<\/li>\n<li>METE SFT<\/li>\n<li>METE SFT PRO<\/li>\n<li>METE SFx<\/li>\n<li>METE SFx PRO<\/li>\n<li>METE SC<\/li>\n<li>METE SC PRO<\/li>\n<li>SFx RIVAL<\/li>\n<\/ul>\n<p><strong>Cena 365 z\u0142\u00a0\u00a0<\/strong><\/p>\n","protected":false},"featured_media":2134,"comment_status":"closed","ping_status":"closed","template":"","meta":[],"product_cat":[41,131,132],"product_tag":[],"class_list":{"0":"post-2133","1":"product","2":"type-product","3":"status-publish","4":"has-post-thumbnail","6":"product_cat-uzbrojenie","7":"product_cat-akcesoria","8":"product_cat-canik-2","10":"first","11":"instock","12":"shipping-taxable","13":"purchasable","14":"product-type-simple"},"_links":{"self":[{"href":"https:\/\/www.strzelnica-magnum.pl\/en\/wp-json\/wp\/v2\/product\/2133","targetHints":{"allow":["GET"]}}],"collection":[{"href":"https:\/\/www.strzelnica-magnum.pl\/en\/wp-json\/wp\/v2\/product"}],"about":[{"href":"https:\/\/www.strzelnica-magnum.pl\/en\/wp-json\/wp\/v2\/types\/product"}],"replies":[{"embeddable":true,"href":"https:\/\/www.strzelnica-magnum.pl\/en\/wp-json\/wp\/v2\/comments?post=2133"}],"wp:featuredmedia":[{"embeddable":true,"href":"https:\/\/www.strzelnica-magnum.pl\/en\/wp-json\/wp\/v2\/media\/2134"}],"wp:attachment":[{"href":"https:\/\/www.strzelnica-magnum.pl\/en\/wp-json\/wp\/v2\/media?parent=2133"}],"wp:term":[{"taxonomy":"product_cat","embeddable":true,"href":"https:\/\/www.strzelnica-magnum.pl\/en\/wp-json\/wp\/v2\/product_cat?post=2133"},{"taxonomy":"product_tag","embeddable":true,"href":"https:\/\/www.strzelnica-magnum.pl\/en\/wp-json\/wp\/v2\/product_tag?post=2133"}],"curies":[{"name":"wp","href":"https:\/\/api.w.org\/{rel}","templated":true}]}}