{"id":2123,"date":"2024-04-11T12:51:47","date_gmt":"2024-04-11T12:51:47","guid":{"rendered":"https:\/\/www.strzelnica-magnum.pl\/?post_type=product&#038;p=2123"},"modified":"2024-04-11T12:51:47","modified_gmt":"2024-04-11T12:51:47","slug":"canik-tp9-sfx-mod-2","status":"publish","type":"product","link":"https:\/\/www.strzelnica-magnum.pl\/en\/uzbrojenie\/canik-tp9-sfx-mod-2\/","title":{"rendered":"CANIK TP9 SFX mod.2"},"content":{"rendered":"","protected":false},"excerpt":{"rendered":"<div class=\"woocommerce-product-details__short-description\">\n<p><strong>TP9 SFx\u00a0Mod.2<\/strong> zosta\u0142 opracowany jako wersja Premium pistolet\u00f3w serii TP z luf\u0105 d\u0142ugo\u015bci 5,2 cala. SFx Mod.2 jest wyposa\u017cony w wiele nowych, modu\u0142owych funkcji, aby strzelec m\u00f3g\u0142 cieszy\u0107 si\u0119 lepszym strzelaniem. Wyposa\u017cony w przednie naci\u0119cia na zamku, wyd\u0142u\u017cone gniazdo magazynka (tzw. lejek) i obustronny zatrzask zamka, zwi\u0119kszono \u0142atwo\u015b\u0107 pos\u0142ugiwania si\u0119 pistoletem przez strzelca, a celownik zosta\u0142 ulepszony dzi\u0119ki \u015bwiat\u0142owodowi. Tolerancje s\u0105 niewielkie; skok spustu zosta\u0142 skr\u00f3cony, co pozwala na szybsze tempo strzelania. Interfejs optyczny umo\u017cliwia monta\u017c popularnych celownik\u00f3w optoelektronicznych. Do\u0142\u0105czona d\u017awignia prze\u0142adowania mo\u017ce by\u0107 zamontowana po obu stronach zamka. Dzi\u0119ki naci\u0119ciom redukuj\u0105cym mas\u0119 zamka, waga SFx Mod.2 jest podobna do standardowych pistolet\u00f3w serii TP.<\/p>\n<p><strong>Cena 2549 z\u0142<\/strong><\/p>\n<p><em>Bro\u0144 palna, amunicja i istotne elementy broni nie s\u0105 sprzedawane on-line. Mo\u017cna je naby\u0107 osobi\u015bcie w naszym sklepie. Warunkiem nabycia broni jest przed\u0142o\u017cenie aktualnego za\u015bwiadczenia (promesy) uprawniaj\u0105cej do zakupu broni oraz dowodu osobistego. Niniejsz\u0105 ofert\u0119 zamieszczamy w celu pogl\u0105dowym. Przed zakupem broni prosimy o kontakt telefoniczny.<\/em><\/p>\n<\/div>\n","protected":false},"featured_media":2124,"comment_status":"closed","ping_status":"closed","template":"","meta":[],"product_cat":[41,48,42],"product_tag":[],"class_list":{"0":"post-2123","1":"product","2":"type-product","3":"status-publish","4":"has-post-thumbnail","6":"product_cat-uzbrojenie","7":"product_cat-canik","8":"product_cat-bron-krotka","10":"first","11":"instock","12":"shipping-taxable","13":"purchasable","14":"product-type-simple"},"_links":{"self":[{"href":"https:\/\/www.strzelnica-magnum.pl\/en\/wp-json\/wp\/v2\/product\/2123","targetHints":{"allow":["GET"]}}],"collection":[{"href":"https:\/\/www.strzelnica-magnum.pl\/en\/wp-json\/wp\/v2\/product"}],"about":[{"href":"https:\/\/www.strzelnica-magnum.pl\/en\/wp-json\/wp\/v2\/types\/product"}],"replies":[{"embeddable":true,"href":"https:\/\/www.strzelnica-magnum.pl\/en\/wp-json\/wp\/v2\/comments?post=2123"}],"wp:featuredmedia":[{"embeddable":true,"href":"https:\/\/www.strzelnica-magnum.pl\/en\/wp-json\/wp\/v2\/media\/2124"}],"wp:attachment":[{"href":"https:\/\/www.strzelnica-magnum.pl\/en\/wp-json\/wp\/v2\/media?parent=2123"}],"wp:term":[{"taxonomy":"product_cat","embeddable":true,"href":"https:\/\/www.strzelnica-magnum.pl\/en\/wp-json\/wp\/v2\/product_cat?post=2123"},{"taxonomy":"product_tag","embeddable":true,"href":"https:\/\/www.strzelnica-magnum.pl\/en\/wp-json\/wp\/v2\/product_tag?post=2123"}],"curies":[{"name":"wp","href":"https:\/\/api.w.org\/{rel}","templated":true}]}}