{"id":2119,"date":"2024-04-10T17:06:02","date_gmt":"2024-04-10T17:06:02","guid":{"rendered":"https:\/\/www.strzelnica-magnum.pl\/?post_type=product&#038;p=2119"},"modified":"2024-04-10T17:15:47","modified_gmt":"2024-04-10T17:15:47","slug":"ria-m1911-a1-gi-standard-fs-nickiel","status":"publish","type":"product","link":"https:\/\/www.strzelnica-magnum.pl\/en\/uzbrojenie\/bron-krotka\/r-i-a\/ria-m1911-a1-gi-standard-fs-nickiel\/","title":{"rendered":"RIA M1911 A1 FS NICKIEL"},"content":{"rendered":"","protected":false},"excerpt":{"rendered":"<p><strong>M1911 A1 GI Standard FS NICKIEL<\/strong> jest doskona\u0142ym odwzorowaniem oryginalnego ameryka\u0144skiego pistoletu bojowego 1911 w kalibrze .45 ACP. Sta\u0142e, niskoprofilowe przyrz\u0105dy celownicze i tradycyjna g\u0142adka, smuk\u0142a konstrukcja s\u0105 idealne do szybkiego dobywania broni. Wyko\u0144czony polerowanym Niklem. G\u0142adkie drewniane uchwyty zapewniaj\u0105 komfort w chwycie. Szkielet oraz zamek wykonane s\u0105 ze stali 4140, pistolety posiadaj\u0105 lufy wykonane metod\u0105 przeci\u0105gania bezwi\u00f3rowego. Ponadto, ka\u017cdy pistolet jest r\u0119cznie pasowany, a nast\u0119pnie testowany zgodnie z surowymi wytycznymi. 5-calowa lufa oferuje zr\u00f3wnowa\u017con\u0105 wag\u0119, aby pom\u00f3c w celno\u015bci i odrzucie, kt\u00f3re sprawi\u0142y, \u017ce oryginalny projekt 1911 sta\u0142 si\u0119 s\u0142awny. Podobnie jak wszystkie pistolety Rock Island 1911, GI Standard jest wyposa\u017cony w spust zapewniaj\u0105cy doskona\u0142e wra\u017cenia zaraz po wyj\u0119ciu z pude\u0142ka.<\/p>\n<p><strong>Cena 4950 z\u0142<br \/>\n<\/strong><\/p>\n<p><em>Bro\u0144 palna, amunicja i istotne elementy broni nie s\u0105 sprzedawane on-line. Mo\u017cna je naby\u0107 osobi\u015bcie w naszym sklepie. Warunkiem nabycia broni jest przed\u0142o\u017cenie aktualnego za\u015bwiadczenia (promesy) uprawniaj\u0105cej do zakupu broni oraz dowodu osobistego. Niniejsz\u0105 ofert\u0119 zamieszczamy w celu pogl\u0105dowym. Przed zakupem broni prosimy o kontakt telefoniczny.<\/em><\/p>\n<p>&nbsp;<\/p>\n","protected":false},"featured_media":2120,"comment_status":"closed","ping_status":"closed","template":"","meta":[],"product_cat":[149,42,41],"product_tag":[],"class_list":{"0":"post-2119","1":"product","2":"type-product","3":"status-publish","4":"has-post-thumbnail","6":"product_cat-r-i-a","7":"product_cat-bron-krotka","8":"product_cat-uzbrojenie","10":"first","11":"instock","12":"shipping-taxable","13":"purchasable","14":"product-type-simple"},"_links":{"self":[{"href":"https:\/\/www.strzelnica-magnum.pl\/en\/wp-json\/wp\/v2\/product\/2119","targetHints":{"allow":["GET"]}}],"collection":[{"href":"https:\/\/www.strzelnica-magnum.pl\/en\/wp-json\/wp\/v2\/product"}],"about":[{"href":"https:\/\/www.strzelnica-magnum.pl\/en\/wp-json\/wp\/v2\/types\/product"}],"replies":[{"embeddable":true,"href":"https:\/\/www.strzelnica-magnum.pl\/en\/wp-json\/wp\/v2\/comments?post=2119"}],"wp:featuredmedia":[{"embeddable":true,"href":"https:\/\/www.strzelnica-magnum.pl\/en\/wp-json\/wp\/v2\/media\/2120"}],"wp:attachment":[{"href":"https:\/\/www.strzelnica-magnum.pl\/en\/wp-json\/wp\/v2\/media?parent=2119"}],"wp:term":[{"taxonomy":"product_cat","embeddable":true,"href":"https:\/\/www.strzelnica-magnum.pl\/en\/wp-json\/wp\/v2\/product_cat?post=2119"},{"taxonomy":"product_tag","embeddable":true,"href":"https:\/\/www.strzelnica-magnum.pl\/en\/wp-json\/wp\/v2\/product_tag?post=2119"}],"curies":[{"name":"wp","href":"https:\/\/api.w.org\/{rel}","templated":true}]}}