{"id":2102,"date":"2024-04-09T17:14:16","date_gmt":"2024-04-09T17:14:16","guid":{"rendered":"https:\/\/www.strzelnica-magnum.pl\/?post_type=product&#038;p=2102"},"modified":"2024-04-12T09:43:55","modified_gmt":"2024-04-12T09:43:55","slug":"glock-17-gen-3-olive","status":"publish","type":"product","link":"https:\/\/www.strzelnica-magnum.pl\/en\/uzbrojenie\/bron-krotka\/glock\/glock-17-gen-3-olive\/","title":{"rendered":"Glock 17 Gen.3 Olive"},"content":{"rendered":"","protected":false},"excerpt":{"rendered":"<p><strong>Pistolet Glock 17 Olive gen. 3 <\/strong>to klasyczna i sprawdzona konstrukcja w wyj\u0105tkowym malowaniu czarny zamek i zielony szkielet.. To typowa konstrukcja full-size, zapewniaj\u0105ca \u015bwietny, wygodny chwyt oraz d\u0142ug\u0105 luf\u0119 i lini\u0119 celowania Trzecia generacja wprowadzi\u0142a kilka kluczowych ulepsze\u0144, kt\u00f3re zwi\u0119kszy\u0142y nie tylko wydajno\u015b\u0107, ale tak\u017ce bezpiecze\u0144stwo i mo\u017cliwo\u015b\u0107 personalizacji broni. Jednym z najwa\u017cniejszych ulepsze\u0144 w Gen. 3 by\u0142a zmiana mocowania bloku ryglowego i zastosowanie dw\u00f3ch pin\u00f3w mocuj\u0105cych, co znacz\u0105co poprawi\u0142o trwa\u0142o\u015b\u0107 pod wp\u0142ywem obci\u0105\u017ce\u0144. To rozwi\u0105zanie zwi\u0119kszy\u0142o r\u00f3wnie\u017c \u017cywotno\u015b\u0107 zamka i lufy, eliminuj\u0105c potencjalne problemy z awariami. Warto zauwa\u017cy\u0107, \u017ce w tej generacji Glocka 17 wprowadzono ergonomiczne wy\u017c\u0142obienia chwytu na polimerowym szkielecie, co pozytywnie wp\u0142yn\u0119\u0142o na komfort u\u017cytkowania. Innym wa\u017cnym ulepszeniem w Gen. 3 by\u0142o dodanie szyny akcesoryjnej, co pozwoli\u0142o na monta\u017c r\u00f3\u017cnych akcesori\u00f3w, takich jak latarki. Chocia\u017c szyna ta by\u0142a w autorskim standardzie Glocka, popularno\u015b\u0107 modelu Glocka 17 trzeciej generacji prze\u0142o\u017cy\u0142a si\u0119 na du\u017c\u0105 dost\u0119pno\u015b\u0107 akcesori\u00f3w, zgodnych z tym standardem. Dodatkowo, na rynku dost\u0119pna jest szeroka gama cz\u0119\u015bci do rozbudowy i modyfikacji tej wersji. Pistolet Glock 17 gen. 3 to doskona\u0142a propozycja zar\u00f3wno dla os\u00f3b rozpoczynaj\u0105cych swoj\u0105 przygod\u0119 ze strzelectwem, jak i do\u015bwiadczonych strzelc\u00f3w. Glocki trzeciej generacji wci\u0105\u017c ciesz\u0105 si\u0119 du\u017c\u0105 popularno\u015bci\u0105, charakteryzuj\u0105c si\u0119 cechami typowymi dla wyrob\u00f3w austriackiej marki, takimi jak wytrzyma\u0142o\u015b\u0107 i niezawodno\u015b\u0107.<\/p>\n<p>G\u0142\u00f3wne cechy pistolet\u00f3w Glock generacji 3:<\/p>\n<ul>\n<li>-Sta\u0142y chwyt bez mo\u017cliwo\u015bci wymiany ok\u0142adzin<\/li>\n<li>-Chwyt z wypustkami pod palce w cz\u0119\u015bci przedniej pod kab\u0142\u0105kiem<\/li>\n<li>-Jednostronna d\u017awignia zrzutu zamka<\/li>\n<li>-Jednostronna d\u017awignia zrzutu magazynka<\/li>\n<\/ul>\n<p><strong>Cena: 2900 z\u0142<\/strong><\/p>\n<p><em>Bro\u0144 palna, amunicja i istotne elementy broni nie s\u0105 sprzedawane on-line. Mo\u017cna je naby\u0107 osobi\u015bcie w naszym sklepie. Warunkiem nabycia broni jest przed\u0142o\u017cenie aktualnego za\u015bwiadczenia (promesy) uprawniaj\u0105cej do zakupu broni oraz dowodu osobistego. Niniejsz\u0105 ofert\u0119 zamieszczamy w celu pogl\u0105dowym. Przed zakupem broni prosimy o kontakt telefoniczny.<\/em><\/p>\n","protected":false},"featured_media":2103,"comment_status":"closed","ping_status":"closed","template":"","meta":[],"product_cat":[47,42,41],"product_tag":[],"class_list":{"0":"post-2102","1":"product","2":"type-product","3":"status-publish","4":"has-post-thumbnail","6":"product_cat-glock","7":"product_cat-bron-krotka","8":"product_cat-uzbrojenie","10":"first","11":"instock","12":"shipping-taxable","13":"purchasable","14":"product-type-simple"},"_links":{"self":[{"href":"https:\/\/www.strzelnica-magnum.pl\/en\/wp-json\/wp\/v2\/product\/2102","targetHints":{"allow":["GET"]}}],"collection":[{"href":"https:\/\/www.strzelnica-magnum.pl\/en\/wp-json\/wp\/v2\/product"}],"about":[{"href":"https:\/\/www.strzelnica-magnum.pl\/en\/wp-json\/wp\/v2\/types\/product"}],"replies":[{"embeddable":true,"href":"https:\/\/www.strzelnica-magnum.pl\/en\/wp-json\/wp\/v2\/comments?post=2102"}],"wp:featuredmedia":[{"embeddable":true,"href":"https:\/\/www.strzelnica-magnum.pl\/en\/wp-json\/wp\/v2\/media\/2103"}],"wp:attachment":[{"href":"https:\/\/www.strzelnica-magnum.pl\/en\/wp-json\/wp\/v2\/media?parent=2102"}],"wp:term":[{"taxonomy":"product_cat","embeddable":true,"href":"https:\/\/www.strzelnica-magnum.pl\/en\/wp-json\/wp\/v2\/product_cat?post=2102"},{"taxonomy":"product_tag","embeddable":true,"href":"https:\/\/www.strzelnica-magnum.pl\/en\/wp-json\/wp\/v2\/product_tag?post=2102"}],"curies":[{"name":"wp","href":"https:\/\/api.w.org\/{rel}","templated":true}]}}