{"id":2083,"date":"2024-03-29T18:50:09","date_gmt":"2024-03-29T18:50:09","guid":{"rendered":"https:\/\/www.strzelnica-magnum.pl\/?post_type=product&#038;p=2083"},"modified":"2024-03-29T18:50:09","modified_gmt":"2024-03-29T18:50:09","slug":"canik-tp9-elite-combat-asg","status":"publish","type":"product","link":"https:\/\/www.strzelnica-magnum.pl\/en\/uzbrojenie\/bron-krotka\/canik-tp9-elite-combat-asg\/","title":{"rendered":"CANIK TP9 ELITE COMBAT ASG"},"content":{"rendered":"","protected":false},"excerpt":{"rendered":"<p><strong>CANIK TP9 ELITE COMBAT ASG<\/strong> Powsta\u0142 we wsp\u00f3\u0142pracy firmy Canik i Cybergun. Dzi\u0119ki temu mamy wiern\u0105 replik\u0119 oryginalnego TP9 odwzorowane s\u0105 wszystkie detale i oznaczenia a ka\u017cda replika ma sw\u00f3j unikatowy nr seryjny. Szkielet repliki wykonany jest z tworzywa a zamek jest metalowy jak w oryginale. Na zamku mamy frez pod urz\u0105dzenia optoelektroniczne. Replika zasilana jest green gazem oraz posiada system blow-back. Magazynek mie\u015bci 22 kulki. Na lufie mamy 14mm gwint CCW na kt\u00f3ry mo\u017cemy zamontowa\u0107 urz\u0105dzenia wylotowe.<\/p>\n<p><strong>Cena 880 z\u0142<\/strong><\/p>\n","protected":false},"featured_media":2084,"comment_status":"closed","ping_status":"closed","template":"","meta":[],"product_cat":[42,48,41],"product_tag":[],"class_list":{"0":"post-2083","1":"product","2":"type-product","3":"status-publish","4":"has-post-thumbnail","6":"product_cat-bron-krotka","7":"product_cat-canik","8":"product_cat-uzbrojenie","10":"first","11":"instock","12":"shipping-taxable","13":"purchasable","14":"product-type-simple"},"_links":{"self":[{"href":"https:\/\/www.strzelnica-magnum.pl\/en\/wp-json\/wp\/v2\/product\/2083","targetHints":{"allow":["GET"]}}],"collection":[{"href":"https:\/\/www.strzelnica-magnum.pl\/en\/wp-json\/wp\/v2\/product"}],"about":[{"href":"https:\/\/www.strzelnica-magnum.pl\/en\/wp-json\/wp\/v2\/types\/product"}],"replies":[{"embeddable":true,"href":"https:\/\/www.strzelnica-magnum.pl\/en\/wp-json\/wp\/v2\/comments?post=2083"}],"wp:featuredmedia":[{"embeddable":true,"href":"https:\/\/www.strzelnica-magnum.pl\/en\/wp-json\/wp\/v2\/media\/2084"}],"wp:attachment":[{"href":"https:\/\/www.strzelnica-magnum.pl\/en\/wp-json\/wp\/v2\/media?parent=2083"}],"wp:term":[{"taxonomy":"product_cat","embeddable":true,"href":"https:\/\/www.strzelnica-magnum.pl\/en\/wp-json\/wp\/v2\/product_cat?post=2083"},{"taxonomy":"product_tag","embeddable":true,"href":"https:\/\/www.strzelnica-magnum.pl\/en\/wp-json\/wp\/v2\/product_tag?post=2083"}],"curies":[{"name":"wp","href":"https:\/\/api.w.org\/{rel}","templated":true}]}}