{"id":2075,"date":"2024-03-29T14:10:29","date_gmt":"2024-03-29T14:10:29","guid":{"rendered":"https:\/\/www.strzelnica-magnum.pl\/?post_type=product&#038;p=2075"},"modified":"2024-03-29T14:10:29","modified_gmt":"2024-03-29T14:10:29","slug":"canik-tp9-sub-elite-executive","status":"publish","type":"product","link":"https:\/\/www.strzelnica-magnum.pl\/en\/uzbrojenie\/canik-tp9-sub-elite-executive\/","title":{"rendered":"CANIK TP9 SUB ELITE EXECUTIVE"},"content":{"rendered":"","protected":false},"excerpt":{"rendered":"<p><strong>Canik TP9 Sub Elite Executive<\/strong> to pierwszy sub-compact zbudowany na bazie pistoletu TP9 SF. Pistolet posiada 3,6 calow\u0105 luf\u0119 i oferuje podobne parametry jak jego wi\u0119kszy brak Canik TP9 Elite w bardziej op\u0142ywowej, u\u0142atwiaj\u0105cej skryte noszenie wersji. Posiada dwurz\u0119dowy magazynek mog\u0105cy pomie\u015bci\u0107 do 12 sztuk amunicji, przednie i tylne frezowanie zamka, obustronne manipulatory i kabur\u0119 do skrytego noszenia z mo\u017cliwo\u015bci\u0105 monta\u017cu po obu stronach paska (OWB lub IWB).<\/p>\n<p><strong>Cena:\u00a0 2800 z\u0142<\/strong><\/p>\n<p><em>Bro\u0144 palna, amunicja i istotne elementy broni nie s\u0105 sprzedawane on-line. Mo\u017cna je naby\u0107 osobi\u015bcie w naszym sklepie. Warunkiem nabycia broni jest przed\u0142o\u017cenie aktualnego za\u015bwiadczenia (promesy) uprawniaj\u0105cej do zakupu broni oraz dowodu osobistego. Niniejsz\u0105 ofert\u0119 zamieszczamy w celu pogl\u0105dowym. Przed zakupem broni prosimy o kontakt telefoniczny.<\/em><\/p>\n","protected":false},"featured_media":2076,"comment_status":"closed","ping_status":"closed","template":"","meta":[],"product_cat":[41,48,42],"product_tag":[],"class_list":{"0":"post-2075","1":"product","2":"type-product","3":"status-publish","4":"has-post-thumbnail","6":"product_cat-uzbrojenie","7":"product_cat-canik","8":"product_cat-bron-krotka","10":"first","11":"instock","12":"shipping-taxable","13":"product-type-simple"},"_links":{"self":[{"href":"https:\/\/www.strzelnica-magnum.pl\/en\/wp-json\/wp\/v2\/product\/2075","targetHints":{"allow":["GET"]}}],"collection":[{"href":"https:\/\/www.strzelnica-magnum.pl\/en\/wp-json\/wp\/v2\/product"}],"about":[{"href":"https:\/\/www.strzelnica-magnum.pl\/en\/wp-json\/wp\/v2\/types\/product"}],"replies":[{"embeddable":true,"href":"https:\/\/www.strzelnica-magnum.pl\/en\/wp-json\/wp\/v2\/comments?post=2075"}],"wp:featuredmedia":[{"embeddable":true,"href":"https:\/\/www.strzelnica-magnum.pl\/en\/wp-json\/wp\/v2\/media\/2076"}],"wp:attachment":[{"href":"https:\/\/www.strzelnica-magnum.pl\/en\/wp-json\/wp\/v2\/media?parent=2075"}],"wp:term":[{"taxonomy":"product_cat","embeddable":true,"href":"https:\/\/www.strzelnica-magnum.pl\/en\/wp-json\/wp\/v2\/product_cat?post=2075"},{"taxonomy":"product_tag","embeddable":true,"href":"https:\/\/www.strzelnica-magnum.pl\/en\/wp-json\/wp\/v2\/product_tag?post=2075"}],"curies":[{"name":"wp","href":"https:\/\/api.w.org\/{rel}","templated":true}]}}