{"id":2064,"date":"2024-03-27T16:48:38","date_gmt":"2024-03-27T16:48:38","guid":{"rendered":"https:\/\/www.strzelnica-magnum.pl\/?post_type=product&#038;p=2064"},"modified":"2024-03-27T16:53:20","modified_gmt":"2024-03-27T16:53:20","slug":"canik-mete-sfx-pro","status":"publish","type":"product","link":"https:\/\/www.strzelnica-magnum.pl\/en\/uzbrojenie\/canik-mete-sfx-pro\/","title":{"rendered":"CANIK METE SFX Pro"},"content":{"rendered":"","protected":false},"excerpt":{"rendered":"<p><strong>CANIK METE SFX Pro<\/strong> to pistolet z serii przeznaczonej dla najbardziej wymagaj\u0105cych strzelc\u00f3w. \u0141\u0105czy w sobie niesamowit\u0105 skuteczno\u015b\u0107 i celno\u015b\u0107 wraz z nietuzinkowym wygl\u0105dem. Posiada luf\u0119 o d\u0142ugo\u015bci 5,74\u2033 zako\u0144czon\u0105 gwintem pod t\u0142umik 13,5x1L. Ponadto system naci\u0119\u0107 na zamku z przodu i z ty\u0142u w znacz\u0105cy spos\u00f3b usprawnia prze\u0142adowanie broni nawet w mokrych lub wyzi\u0119bionych r\u0119kach. Miano profesjonalnego pistoletu nadaje tej broni tak\u017ce \u015bwietny mechanizm spustowy SAO, bez samonapinania, kt\u00f3ry ma kr\u00f3tki reset i ma\u0142y op\u00f3r. Spust chroniony jest przez odpowiednio zaprojektowany kab\u0142\u0105k, kt\u00f3ry zosta\u0142 wykonany z wytrzyma\u0142ego polimeru oraz nachylony pod k\u0105tem 90\u00ba, daje to nam pewn\u0105 kontrol\u0119 podczas strzelania.<\/p>\n<p><strong>Cena 3750 z\u0142<\/strong><\/p>\n<p><em>Bro\u0144 palna, amunicja i istotne elementy broni nie s\u0105 sprzedawane on-line. Mo\u017cna je naby\u0107 osobi\u015bcie w naszym sklepie. Warunkiem nabycia broni jest przed\u0142o\u017cenie aktualnego za\u015bwiadczenia (promesy) uprawniaj\u0105cej do zakupu broni oraz dowodu osobistego. Niniejsz\u0105 ofert\u0119 zamieszczamy w celu pogl\u0105dowym. Przed zakupem broni prosimy o kontakt telefoniczny.<\/em><\/p>\n","protected":false},"featured_media":2065,"comment_status":"closed","ping_status":"closed","template":"","meta":[],"product_cat":[41,48,42],"product_tag":[],"class_list":{"0":"post-2064","1":"product","2":"type-product","3":"status-publish","4":"has-post-thumbnail","6":"product_cat-uzbrojenie","7":"product_cat-canik","8":"product_cat-bron-krotka","10":"first","11":"instock","12":"shipping-taxable","13":"purchasable","14":"product-type-simple"},"_links":{"self":[{"href":"https:\/\/www.strzelnica-magnum.pl\/en\/wp-json\/wp\/v2\/product\/2064","targetHints":{"allow":["GET"]}}],"collection":[{"href":"https:\/\/www.strzelnica-magnum.pl\/en\/wp-json\/wp\/v2\/product"}],"about":[{"href":"https:\/\/www.strzelnica-magnum.pl\/en\/wp-json\/wp\/v2\/types\/product"}],"replies":[{"embeddable":true,"href":"https:\/\/www.strzelnica-magnum.pl\/en\/wp-json\/wp\/v2\/comments?post=2064"}],"wp:featuredmedia":[{"embeddable":true,"href":"https:\/\/www.strzelnica-magnum.pl\/en\/wp-json\/wp\/v2\/media\/2065"}],"wp:attachment":[{"href":"https:\/\/www.strzelnica-magnum.pl\/en\/wp-json\/wp\/v2\/media?parent=2064"}],"wp:term":[{"taxonomy":"product_cat","embeddable":true,"href":"https:\/\/www.strzelnica-magnum.pl\/en\/wp-json\/wp\/v2\/product_cat?post=2064"},{"taxonomy":"product_tag","embeddable":true,"href":"https:\/\/www.strzelnica-magnum.pl\/en\/wp-json\/wp\/v2\/product_tag?post=2064"}],"curies":[{"name":"wp","href":"https:\/\/api.w.org\/{rel}","templated":true}]}}