{"id":2058,"date":"2024-03-20T18:56:33","date_gmt":"2024-03-20T18:56:33","guid":{"rendered":"https:\/\/www.strzelnica-magnum.pl\/?post_type=product&#038;p=2058"},"modified":"2024-03-20T18:59:23","modified_gmt":"2024-03-20T18:59:23","slug":"cz-p-09-kadet","status":"publish","type":"product","link":"https:\/\/www.strzelnica-magnum.pl\/en\/bez-kategorii\/cz-p-09-kadet\/","title":{"rendered":"CZ P-09 kadet"},"content":{"rendered":"","protected":false},"excerpt":{"rendered":"<p><strong>Pistolet CZ P-09 Kadet kal. 22LR<\/strong> to pistolet bocznego zap\u0142onu do sportu, szkole\u0144 i rekreacji, oparty na popularnym modelu P-09.<br \/>\nPistolet CZ P-09 Kadet .22 LR posiada te same rozwi\u0105zania co jego pierwowz\u00f3r w kalibrze 9\u00d719 Luger. Z uwagi jednak na koszt amunicji .22 LR, pistolet doskonale sprawdzi si\u0119 jako trena\u017cer, bro\u0144 do szkole\u0144 oraz strzelania typowo rekreacyjnego.<br \/>\nCZ P-09 Kadet posiada sprawdzony mechanizm spustowy Omega, kt\u00f3ry opr\u00f3cz doskona\u0142ej pracy pozwala r\u00f3wnie\u017c na wyb\u00f3r wariantu zabezpieczenia tj. bezpiecznika nastawnego lub decockera.<br \/>\nD\u017awignia bezpiecznika i zatrzask magazynka mo\u017cna montowa\u0107 po dw\u00f3ch stronach pistoletu, co zapewnia wygodn\u0105 obs\u0142ug\u0119 bez wzgl\u0119du to, z kt\u00f3rej r\u0119ki strzelamy.<br \/>\n<strong>Cena 2990<\/strong><\/p>\n<p><em>Bro\u0144 palna, amunicja i istotne elementy broni nie s\u0105 sprzedawane on-line. Mo\u017cna je naby\u0107 osobi\u015bcie w naszym sklepie. Warunkiem nabycia broni jest przed\u0142o\u017cenie aktualnego za\u015bwiadczenia (promesy) uprawniaj\u0105cej do zakupu broni oraz dowodu osobistego. Niniejsz\u0105 ofert\u0119 zamieszczamy w celu pogl\u0105dowym. Przed zakupem broni prosimy o kontakt telefoniczny.<\/em><\/p>\n","protected":false},"featured_media":2059,"comment_status":"closed","ping_status":"closed","template":"","meta":[],"product_cat":[18],"product_tag":[],"class_list":{"0":"post-2058","1":"product","2":"type-product","3":"status-publish","4":"has-post-thumbnail","6":"product_cat-bez-kategorii","8":"first","9":"instock","10":"shipping-taxable","11":"purchasable","12":"product-type-simple"},"_links":{"self":[{"href":"https:\/\/www.strzelnica-magnum.pl\/en\/wp-json\/wp\/v2\/product\/2058","targetHints":{"allow":["GET"]}}],"collection":[{"href":"https:\/\/www.strzelnica-magnum.pl\/en\/wp-json\/wp\/v2\/product"}],"about":[{"href":"https:\/\/www.strzelnica-magnum.pl\/en\/wp-json\/wp\/v2\/types\/product"}],"replies":[{"embeddable":true,"href":"https:\/\/www.strzelnica-magnum.pl\/en\/wp-json\/wp\/v2\/comments?post=2058"}],"wp:featuredmedia":[{"embeddable":true,"href":"https:\/\/www.strzelnica-magnum.pl\/en\/wp-json\/wp\/v2\/media\/2059"}],"wp:attachment":[{"href":"https:\/\/www.strzelnica-magnum.pl\/en\/wp-json\/wp\/v2\/media?parent=2058"}],"wp:term":[{"taxonomy":"product_cat","embeddable":true,"href":"https:\/\/www.strzelnica-magnum.pl\/en\/wp-json\/wp\/v2\/product_cat?post=2058"},{"taxonomy":"product_tag","embeddable":true,"href":"https:\/\/www.strzelnica-magnum.pl\/en\/wp-json\/wp\/v2\/product_tag?post=2058"}],"curies":[{"name":"wp","href":"https:\/\/api.w.org\/{rel}","templated":true}]}}