{"id":2006,"date":"2024-03-14T18:58:34","date_gmt":"2024-03-14T18:58:34","guid":{"rendered":"https:\/\/www.strzelnica-magnum.pl\/?post_type=product&#038;p=2006"},"modified":"2024-03-16T11:54:14","modified_gmt":"2024-03-16T11:54:14","slug":"canik-sfx-rival-s-2","status":"publish","type":"product","link":"https:\/\/www.strzelnica-magnum.pl\/en\/uzbrojenie\/canik-sfx-rival-s-2\/","title":{"rendered":"CANIK SFX RIVAL-s"},"content":{"rendered":"","protected":false},"excerpt":{"rendered":"<p><strong>Canik SFx RIVAL-s<\/strong> z ram\u0105 stalow\u0105 jest ewolucj\u0105 wielokrotnie nagradzanego modelu SFx RIVAL, zachowuj\u0105c jego ergonomiczne cechy, jednak teraz ca\u0142a konstrukcja broni jest wykonana z metalu. SFx Rival-S wa\u017cy 2,61 funta\/1185 gram\u00f3w, ma d\u0142ugo\u015b\u0107 8,09 cala\/205,5 mm, d\u0142ugo\u015b\u0107 lufy 5 cali\/127 mm, szeroko\u015b\u0107 1,41 cala\/36 mm i wysoko\u015b\u0107 5,75 cala\/145 mm. SFx RIVAL-S jest kalibrowany do amunicji 9\u00d719 mm, a dzi\u0119ki dodatkowej wadze oraz aluminiowemu spustowi, kt\u00f3ry jest \u015bci\u0119ty pod k\u0105tem 90\u00b0, zapewnia redukcj\u0119 odrzutu oraz popraw\u0119 czasu mi\u0119dzystrza\u0142owego i celno\u015bci!<\/p>\n<p><em>Bro\u0144 palna, amunicja i istotne elementy broni nie s\u0105 sprzedawane on-line. Mo\u017cna je naby\u0107 osobi\u015bcie w naszym sklepie. Warunkiem nabycia broni jest przed\u0142o\u017cenie aktualnego za\u015bwiadczenia (promesy) uprawniaj\u0105cej do zakupu broni oraz dowodu osobistego. Niniejsz\u0105 ofert\u0119 zamieszczamy w celu pogl\u0105dowym. Przed zakupem broni prosimy o kontakt telefoniczny.<em><\/p>\n","protected":false},"featured_media":2007,"comment_status":"closed","ping_status":"closed","template":"","meta":[],"product_cat":[41,48,42],"product_tag":[],"class_list":{"0":"post-2006","1":"product","2":"type-product","3":"status-publish","4":"has-post-thumbnail","6":"product_cat-uzbrojenie","7":"product_cat-canik","8":"product_cat-bron-krotka","10":"first","11":"onbackorder","12":"shipping-taxable","13":"purchasable","14":"product-type-simple"},"_links":{"self":[{"href":"https:\/\/www.strzelnica-magnum.pl\/en\/wp-json\/wp\/v2\/product\/2006","targetHints":{"allow":["GET"]}}],"collection":[{"href":"https:\/\/www.strzelnica-magnum.pl\/en\/wp-json\/wp\/v2\/product"}],"about":[{"href":"https:\/\/www.strzelnica-magnum.pl\/en\/wp-json\/wp\/v2\/types\/product"}],"replies":[{"embeddable":true,"href":"https:\/\/www.strzelnica-magnum.pl\/en\/wp-json\/wp\/v2\/comments?post=2006"}],"wp:featuredmedia":[{"embeddable":true,"href":"https:\/\/www.strzelnica-magnum.pl\/en\/wp-json\/wp\/v2\/media\/2007"}],"wp:attachment":[{"href":"https:\/\/www.strzelnica-magnum.pl\/en\/wp-json\/wp\/v2\/media?parent=2006"}],"wp:term":[{"taxonomy":"product_cat","embeddable":true,"href":"https:\/\/www.strzelnica-magnum.pl\/en\/wp-json\/wp\/v2\/product_cat?post=2006"},{"taxonomy":"product_tag","embeddable":true,"href":"https:\/\/www.strzelnica-magnum.pl\/en\/wp-json\/wp\/v2\/product_tag?post=2006"}],"curies":[{"name":"wp","href":"https:\/\/api.w.org\/{rel}","templated":true}]}}