{"id":2001,"date":"2024-03-14T18:16:46","date_gmt":"2024-03-14T18:16:46","guid":{"rendered":"https:\/\/www.strzelnica-magnum.pl\/?post_type=product&#038;p=2001"},"modified":"2024-03-16T11:58:55","modified_gmt":"2024-03-16T11:58:55","slug":"canik-mete-sft-pro","status":"publish","type":"product","link":"https:\/\/www.strzelnica-magnum.pl\/en\/uzbrojenie\/canik-mete-sft-pro\/","title":{"rendered":"CANIK METE SFT Pro"},"content":{"rendered":"","protected":false},"excerpt":{"rendered":"<p>Zasilany amunicj\u0105 9 mm z luf\u0105 o d\u0142ugo\u015bci 5\u2033 zako\u0144czonej gwintem pod monta\u017c urz\u0105dze\u0144 wylotowych co znacznie zwi\u0119ksza mo\u017cliwo\u015bci tego modelu. Tutaj ka\u017cdy znajdzie co\u015b dla siebie \u2013 sportowcy zastosuj\u0105 kompensator, kt\u00f3ry zredukuje podrzut i odrzut, daj\u0105c zdecydowanie lepsz\u0105 kontrol\u0119 nad broni\u0105, a co za tym idzie, skr\u00f3ci czas pomi\u0119dzy kolejnymi strza\u0142ami i zwi\u0119kszy celno\u015b\u0107. Inni b\u0119d\u0105 mogli wybra\u0107 t\u0142umik, kt\u00f3ry zwi\u0119kszy dyskrecj\u0119 u\u017cywania broni, co bez w\u0105tpienia doceni\u0105 wszelkiego rodzaju s\u0142u\u017cby. Bro\u0144 jest prosta i bezpieczna w obs\u0142udze. Dzi\u0119ki zastosowaniu poszerzonego gniazda magazynka mo\u017cemy dokona\u0107 jego szybkiej wymiany. Jest to tak\u017ce bardzo przydatne oparcie dla os\u00f3b, kt\u00f3re maj\u0105 wi\u0119ksze d\u0142onie. Chwyt pokryty agresywn\u0105 tekstur\u0105 sprawia, \u017ce bro\u0144 bardzo dobrze le\u017cy w d\u0142oni i pozytywnie wp\u0142ywa na komfort strza\u0142u. W kwestii chwytu du\u017ce znaczenie ma tak\u017ce tzw. bobrzy ogon, czyli \u201ebeavertail\u201d lub ostroga. Wraz z wysokim podci\u0119ciem pod kab\u0142\u0105k spustowy zapewniaj\u0105 bardzo pewny, wygodny chwyt.<br \/>\n<strong>Cena 3199 z\u0142<\/strong><\/p>\n<p><em>Bro\u0144 palna, amunicja i istotne elementy broni nie s\u0105 sprzedawane on-line. Mo\u017cna je naby\u0107 osobi\u015bcie w naszym sklepie. Warunkiem nabycia broni jest przed\u0142o\u017cenie aktualnego za\u015bwiadczenia (promesy) uprawniaj\u0105cej do zakupu broni oraz dowodu osobistego. Niniejsz\u0105 ofert\u0119 zamieszczamy w celu pogl\u0105dowym. Przed zakupem broni prosimy o kontakt telefoniczny.<\/em><\/p>\n","protected":false},"featured_media":2004,"comment_status":"closed","ping_status":"closed","template":"","meta":[],"product_cat":[41,48,42],"product_tag":[],"class_list":{"0":"post-2001","1":"product","2":"type-product","3":"status-publish","4":"has-post-thumbnail","6":"product_cat-uzbrojenie","7":"product_cat-canik","8":"product_cat-bron-krotka","10":"first","11":"instock","12":"shipping-taxable","13":"purchasable","14":"product-type-simple"},"_links":{"self":[{"href":"https:\/\/www.strzelnica-magnum.pl\/en\/wp-json\/wp\/v2\/product\/2001","targetHints":{"allow":["GET"]}}],"collection":[{"href":"https:\/\/www.strzelnica-magnum.pl\/en\/wp-json\/wp\/v2\/product"}],"about":[{"href":"https:\/\/www.strzelnica-magnum.pl\/en\/wp-json\/wp\/v2\/types\/product"}],"replies":[{"embeddable":true,"href":"https:\/\/www.strzelnica-magnum.pl\/en\/wp-json\/wp\/v2\/comments?post=2001"}],"wp:featuredmedia":[{"embeddable":true,"href":"https:\/\/www.strzelnica-magnum.pl\/en\/wp-json\/wp\/v2\/media\/2004"}],"wp:attachment":[{"href":"https:\/\/www.strzelnica-magnum.pl\/en\/wp-json\/wp\/v2\/media?parent=2001"}],"wp:term":[{"taxonomy":"product_cat","embeddable":true,"href":"https:\/\/www.strzelnica-magnum.pl\/en\/wp-json\/wp\/v2\/product_cat?post=2001"},{"taxonomy":"product_tag","embeddable":true,"href":"https:\/\/www.strzelnica-magnum.pl\/en\/wp-json\/wp\/v2\/product_tag?post=2001"}],"curies":[{"name":"wp","href":"https:\/\/api.w.org\/{rel}","templated":true}]}}