{"id":1998,"date":"2024-03-14T18:01:01","date_gmt":"2024-03-14T18:01:01","guid":{"rendered":"https:\/\/www.strzelnica-magnum.pl\/?post_type=product&#038;p=1998"},"modified":"2024-03-16T12:05:41","modified_gmt":"2024-03-16T12:05:41","slug":"canik-sfx-rival","status":"publish","type":"product","link":"https:\/\/www.strzelnica-magnum.pl\/en\/uzbrojenie\/canik-sfx-rival\/","title":{"rendered":"CANIK SFX RIVAL"},"content":{"rendered":"","protected":false},"excerpt":{"rendered":"<p>Zaprojektowany aby wyprzedza\u0107 konkurencj\u0119.<br \/>\nUlepszony beaver tail, agresywne paski na przedniej cz\u0119\u015bci zamka, g\u0142\u0119bszy k\u0105t os\u0142ony spustu, nowa funkcja mocowania i blokowania kabury (HFL) oraz nowa konstrukcja ramy z magwellem. Dodatkowo wyposa\u017cony w regulowan\u0105 szczerbink\u0119 i \u015bwiat\u0142owodow\u0105 muszk\u0119, co zwi\u0119ksza znacz\u0105co celno\u015b\u0107 pistoletu. Aluminiowy spust SFx RIVAL\u00ae\ufe0f, kt\u00f3ry wraz ze skr\u00f3con\u0105 nastaw\u0105 i odleg\u0142o\u015bci\u0105 resetowania zwi\u0119ksza pr\u0119dko\u015b\u0107 i dok\u0142adno\u015b\u0107. Opr\u00f3cz tych wszystkich ulepsze\u0144 technicznych, podczas projektowania uwzgl\u0119dniono r\u00f3wnie\u017c kwestie estetyczne. Na ca\u0142y szkielet i zamek na\u0142o\u017cono jedyny w swoim rodzaju lakiere Canik Rival Grey, stworzonym przez Cerakote\u00ae\ufe0f wy\u0142\u0105cznie dla CANiK\u00ae\ufe0f. Kolor z\u0142oty zosta\u0142 na\u0142o\u017cony na spust, zrzut magazynka, magwell oraz d\u017awigni\u0119 blokady zamka.<br \/>\n<strong>Cena 4500 z\u0142<\/strong><\/p>\n<p><em>Bro\u0144 palna, amunicja i istotne elementy broni nie s\u0105 sprzedawane on-line. Mo\u017cna je naby\u0107 osobi\u015bcie w naszym sklepie. Warunkiem nabycia broni jest przed\u0142o\u017cenie aktualnego za\u015bwiadczenia (promesy) uprawniaj\u0105cej do zakupu broni oraz dowodu osobistego. Niniejsz\u0105 ofert\u0119 zamieszczamy w celu pogl\u0105dowym. Przed zakupem broni prosimy o kontakt telefoniczny.<\/em><\/p>\n","protected":false},"featured_media":1999,"comment_status":"closed","ping_status":"closed","template":"","meta":[],"product_cat":[41,48,42],"product_tag":[],"class_list":{"0":"post-1998","1":"product","2":"type-product","3":"status-publish","4":"has-post-thumbnail","6":"product_cat-uzbrojenie","7":"product_cat-canik","8":"product_cat-bron-krotka","10":"first","11":"instock","12":"shipping-taxable","13":"purchasable","14":"product-type-simple"},"_links":{"self":[{"href":"https:\/\/www.strzelnica-magnum.pl\/en\/wp-json\/wp\/v2\/product\/1998","targetHints":{"allow":["GET"]}}],"collection":[{"href":"https:\/\/www.strzelnica-magnum.pl\/en\/wp-json\/wp\/v2\/product"}],"about":[{"href":"https:\/\/www.strzelnica-magnum.pl\/en\/wp-json\/wp\/v2\/types\/product"}],"replies":[{"embeddable":true,"href":"https:\/\/www.strzelnica-magnum.pl\/en\/wp-json\/wp\/v2\/comments?post=1998"}],"wp:featuredmedia":[{"embeddable":true,"href":"https:\/\/www.strzelnica-magnum.pl\/en\/wp-json\/wp\/v2\/media\/1999"}],"wp:attachment":[{"href":"https:\/\/www.strzelnica-magnum.pl\/en\/wp-json\/wp\/v2\/media?parent=1998"}],"wp:term":[{"taxonomy":"product_cat","embeddable":true,"href":"https:\/\/www.strzelnica-magnum.pl\/en\/wp-json\/wp\/v2\/product_cat?post=1998"},{"taxonomy":"product_tag","embeddable":true,"href":"https:\/\/www.strzelnica-magnum.pl\/en\/wp-json\/wp\/v2\/product_tag?post=1998"}],"curies":[{"name":"wp","href":"https:\/\/api.w.org\/{rel}","templated":true}]}}