{"id":1995,"date":"2024-03-14T17:40:06","date_gmt":"2024-03-14T17:40:06","guid":{"rendered":"https:\/\/www.strzelnica-magnum.pl\/?post_type=product&#038;p=1995"},"modified":"2024-04-17T13:18:47","modified_gmt":"2024-04-17T13:18:47","slug":"canik-mete-mc9","status":"publish","type":"product","link":"https:\/\/www.strzelnica-magnum.pl\/en\/uzbrojenie\/canik-mete-mc9\/","title":{"rendered":"CANIK METE MC9"},"content":{"rendered":"","protected":false},"excerpt":{"rendered":"<p><strong>METE MC9<\/strong> to po\u0142\u0105czenie wszystkich doskona\u0142ych cech serii METE. Definiuje segment mikro kompaktowy dzi\u0119ki swoim niewielkim rozmiarom oraz strukturze magazynka o du\u017cej pojemno\u015bci. Wysokopojemno\u015bciowy magazynek zaprezentowany przez METE MC9 oferuje nadzwyczajne do\u015bwiadczenie z komfortem i \u0142atwo\u015bci\u0105 noszenia. Podobnie jak w innych pistoletach z serii METE, dzi\u0119ki swojemu w pe\u0142ni modularnemu projektowi, mo\u017ce by\u0107 bardzo szybko roz\u0142o\u017cony i z\u0142o\u017cony, w\u0142\u0105czaj\u0105c w to grup\u0119 spustow\u0105, a\u017c do najmniejszej cz\u0119\u015bci. Wszystkie celowniki optyczne (za wyj\u0105tkiem Trijicon RMRcc), kt\u00f3re mog\u0105 by\u0107 u\u017cywane w serii METE, mog\u0105 by\u0107 \u0142atwo przymocowane do MC9. Posiadaj\u0105c funkcj\u0119 \u201ewsp\u00f3\u0142widzenia\u201d, METE MC9 mo\u017ce by\u0107 u\u017cywany zar\u00f3wno z celownikiem optycznym, jak i klasycznym celownikiem tylnym jednocze\u015bnie. Pozwala to strzelcowi na bardzo \u0142atwe i szybkie namierzenie celu. METE MC9 to pistolet o najwi\u0119kszej pojemno\u015bci w swoim segmencie, a tak\u017ce z najni\u017cszym rozmieszczeniem lufy.<br \/>\n<strong>Cena 2850 z\u0142<\/strong><\/p>\n<p><em>Bro\u0144 palna, amunicja i istotne elementy broni nie s\u0105 sprzedawane on-line. Mo\u017cna je naby\u0107 osobi\u015bcie w naszym sklepie. Warunkiem nabycia broni jest przed\u0142o\u017cenie aktualnego za\u015bwiadczenia (promesy) uprawniaj\u0105cej do zakupu broni oraz dowodu osobistego. Niniejsz\u0105 ofert\u0119 zamieszczamy w celu pogl\u0105dowym. Przed zakupem broni prosimy o kontakt telefoniczny.<\/em><\/p>\n","protected":false},"featured_media":1996,"comment_status":"closed","ping_status":"closed","template":"","meta":[],"product_cat":[41,48,42],"product_tag":[],"class_list":{"0":"post-1995","1":"product","2":"type-product","3":"status-publish","4":"has-post-thumbnail","6":"product_cat-uzbrojenie","7":"product_cat-canik","8":"product_cat-bron-krotka","10":"first","11":"instock","12":"shipping-taxable","13":"purchasable","14":"product-type-simple"},"_links":{"self":[{"href":"https:\/\/www.strzelnica-magnum.pl\/en\/wp-json\/wp\/v2\/product\/1995","targetHints":{"allow":["GET"]}}],"collection":[{"href":"https:\/\/www.strzelnica-magnum.pl\/en\/wp-json\/wp\/v2\/product"}],"about":[{"href":"https:\/\/www.strzelnica-magnum.pl\/en\/wp-json\/wp\/v2\/types\/product"}],"replies":[{"embeddable":true,"href":"https:\/\/www.strzelnica-magnum.pl\/en\/wp-json\/wp\/v2\/comments?post=1995"}],"wp:featuredmedia":[{"embeddable":true,"href":"https:\/\/www.strzelnica-magnum.pl\/en\/wp-json\/wp\/v2\/media\/1996"}],"wp:attachment":[{"href":"https:\/\/www.strzelnica-magnum.pl\/en\/wp-json\/wp\/v2\/media?parent=1995"}],"wp:term":[{"taxonomy":"product_cat","embeddable":true,"href":"https:\/\/www.strzelnica-magnum.pl\/en\/wp-json\/wp\/v2\/product_cat?post=1995"},{"taxonomy":"product_tag","embeddable":true,"href":"https:\/\/www.strzelnica-magnum.pl\/en\/wp-json\/wp\/v2\/product_tag?post=1995"}],"curies":[{"name":"wp","href":"https:\/\/api.w.org\/{rel}","templated":true}]}}