{"id":1876,"date":"2024-02-02T08:42:32","date_gmt":"2024-02-02T08:42:32","guid":{"rendered":"http:\/\/strzelnica-magnum.sitewww.eu\/?post_type=product&#038;p=1876"},"modified":"2024-02-02T08:42:32","modified_gmt":"2024-02-02T08:42:32","slug":"rewolwer-taurus-the-judge","status":"publish","type":"product","link":"https:\/\/www.strzelnica-magnum.pl\/en\/nasze-uzbrojenie\/rewolwer-taurus-the-judge\/","title":{"rendered":"Rewolwer Taurus The Judge"},"content":{"rendered":"","protected":false},"excerpt":{"rendered":"<p><strong>Opis:<\/strong> Taurus The Judge to 5 nabojowy rewolwer zasilany amunicj\u0105 .45Long Colt i amunicj\u0119 \u015brutow\u0105 .410 Bore.  Kompaktowe rozmiary rewolweru sprawiaj\u0105, \u017ce idealnie sprawdzi si\u0119 jako \u015brodek samoobrony ale tak\u017ce nadaje si\u0119 do sportowego czy rekreacyjnego strzelania. Gumowe ok\u0142adziny r\u0119koje\u015bci zapewniaj\u0105 wygodny i pewny chwyt. Mechaniczne przyrz\u0105dy celownicze z \u015bwiat\u0142owodow\u0105 muszk\u0105 pozwalaj\u0105 na szybkie namierzenie celu.<br \/>\n 3,30<strong>Kaliber:<\/strong> .45Long Colt, .410 Bore<\/p>\n","protected":false},"featured_media":1877,"comment_status":"closed","ping_status":"closed","template":"","meta":[],"product_cat":[71,41],"product_tag":[],"class_list":{"0":"post-1876","1":"product","2":"type-product","3":"status-publish","4":"has-post-thumbnail","6":"product_cat-nasze-uzbrojenie","7":"product_cat-uzbrojenie","9":"first","10":"instock","11":"shipping-taxable","12":"product-type-simple"},"_links":{"self":[{"href":"https:\/\/www.strzelnica-magnum.pl\/en\/wp-json\/wp\/v2\/product\/1876","targetHints":{"allow":["GET"]}}],"collection":[{"href":"https:\/\/www.strzelnica-magnum.pl\/en\/wp-json\/wp\/v2\/product"}],"about":[{"href":"https:\/\/www.strzelnica-magnum.pl\/en\/wp-json\/wp\/v2\/types\/product"}],"replies":[{"embeddable":true,"href":"https:\/\/www.strzelnica-magnum.pl\/en\/wp-json\/wp\/v2\/comments?post=1876"}],"wp:featuredmedia":[{"embeddable":true,"href":"https:\/\/www.strzelnica-magnum.pl\/en\/wp-json\/wp\/v2\/media\/1877"}],"wp:attachment":[{"href":"https:\/\/www.strzelnica-magnum.pl\/en\/wp-json\/wp\/v2\/media?parent=1876"}],"wp:term":[{"taxonomy":"product_cat","embeddable":true,"href":"https:\/\/www.strzelnica-magnum.pl\/en\/wp-json\/wp\/v2\/product_cat?post=1876"},{"taxonomy":"product_tag","embeddable":true,"href":"https:\/\/www.strzelnica-magnum.pl\/en\/wp-json\/wp\/v2\/product_tag?post=1876"}],"curies":[{"name":"wp","href":"https:\/\/api.w.org\/{rel}","templated":true}]}}