{"id":1873,"date":"2024-02-02T08:34:56","date_gmt":"2024-02-02T08:34:56","guid":{"rendered":"http:\/\/strzelnica-magnum.sitewww.eu\/?post_type=product&#038;p=1873"},"modified":"2024-02-02T08:35:41","modified_gmt":"2024-02-02T08:35:41","slug":"ckm-sg-wz-43","status":"publish","type":"product","link":"https:\/\/www.strzelnica-magnum.pl\/en\/nasze-uzbrojenie\/ckm-sg-wz-43\/","title":{"rendered":"CKM SG wz-43"},"content":{"rendered":"","protected":false},"excerpt":{"rendered":"<p><strong>Opis:<\/strong> Ci\u0119\u017cki karabin maszynowy, zaprojektowany w Zwi\u0105zku Radzieckim przez Piotra Goriunowa. Bro\u0144 strzela z ci\u0119\u017ckiej podstawy (tr\u00f3jno\u017cnej, saneczkowej<br \/>\nlub ko\u0142owej) ogniem ci\u0105g\u0142ym. Podstawa umo\u017cliwia r\u00f3wnie\u017c prowadzenie ognia przeciwlotniczego.<br \/>\n<strong>Cena za strza\u0142:<\/strong> 12,00<br \/>\n<strong>Kaliber:<\/strong> 7,62x54R<\/p>\n","protected":false},"featured_media":1874,"comment_status":"closed","ping_status":"closed","template":"","meta":[],"product_cat":[71,41],"product_tag":[],"class_list":{"0":"post-1873","1":"product","2":"type-product","3":"status-publish","4":"has-post-thumbnail","6":"product_cat-nasze-uzbrojenie","7":"product_cat-uzbrojenie","9":"first","10":"instock","11":"shipping-taxable","12":"product-type-simple"},"_links":{"self":[{"href":"https:\/\/www.strzelnica-magnum.pl\/en\/wp-json\/wp\/v2\/product\/1873","targetHints":{"allow":["GET"]}}],"collection":[{"href":"https:\/\/www.strzelnica-magnum.pl\/en\/wp-json\/wp\/v2\/product"}],"about":[{"href":"https:\/\/www.strzelnica-magnum.pl\/en\/wp-json\/wp\/v2\/types\/product"}],"replies":[{"embeddable":true,"href":"https:\/\/www.strzelnica-magnum.pl\/en\/wp-json\/wp\/v2\/comments?post=1873"}],"wp:featuredmedia":[{"embeddable":true,"href":"https:\/\/www.strzelnica-magnum.pl\/en\/wp-json\/wp\/v2\/media\/1874"}],"wp:attachment":[{"href":"https:\/\/www.strzelnica-magnum.pl\/en\/wp-json\/wp\/v2\/media?parent=1873"}],"wp:term":[{"taxonomy":"product_cat","embeddable":true,"href":"https:\/\/www.strzelnica-magnum.pl\/en\/wp-json\/wp\/v2\/product_cat?post=1873"},{"taxonomy":"product_tag","embeddable":true,"href":"https:\/\/www.strzelnica-magnum.pl\/en\/wp-json\/wp\/v2\/product_tag?post=1873"}],"curies":[{"name":"wp","href":"https:\/\/api.w.org\/{rel}","templated":true}]}}