{"id":1864,"date":"2024-02-02T08:21:33","date_gmt":"2024-02-02T08:21:33","guid":{"rendered":"http:\/\/strzelnica-magnum.sitewww.eu\/?post_type=product&#038;p=1864"},"modified":"2025-11-07T15:27:36","modified_gmt":"2025-11-07T15:27:36","slug":"sten-mk-ii","status":"publish","type":"product","link":"https:\/\/www.strzelnica-magnum.pl\/en\/uzbrojenie\/sten-mk-ii\/","title":{"rendered":"Sten Mk II"},"content":{"rendered":"","protected":false},"excerpt":{"rendered":"<p><strong>Opis:<\/strong> Po upadku Francji w 1940 roku, kiedy Wehrmacht szykowa\u0142 si\u0119 do inwazji na Wielk\u0105 Brytani\u0119, podj\u0119to decyzj\u0119 o szybkiej produkcji du\u017cych ilo\u015bci pistolet\u00f3w maszynowych. STENa opracowano bazuj\u0105c na niemieckim MP 38\/40, maksymalnie uproszczaj\u0105c konstrukcj\u0119. Bro\u0144 ruchu oporu jak i jednostek powietrznodesantowych.<br \/>\n<strong>Cena za strza\u0142:<\/strong> 6,00<br \/>\n<strong>Kaliber:<\/strong> 9 mm Parabellum<\/p>\n","protected":false},"featured_media":1867,"comment_status":"closed","ping_status":"closed","template":"","meta":[],"product_cat":[41,71],"product_tag":[],"class_list":{"0":"post-1864","1":"product","2":"type-product","3":"status-publish","4":"has-post-thumbnail","6":"product_cat-uzbrojenie","7":"product_cat-nasze-uzbrojenie","9":"first","10":"instock","11":"shipping-taxable","12":"product-type-simple"},"_links":{"self":[{"href":"https:\/\/www.strzelnica-magnum.pl\/en\/wp-json\/wp\/v2\/product\/1864","targetHints":{"allow":["GET"]}}],"collection":[{"href":"https:\/\/www.strzelnica-magnum.pl\/en\/wp-json\/wp\/v2\/product"}],"about":[{"href":"https:\/\/www.strzelnica-magnum.pl\/en\/wp-json\/wp\/v2\/types\/product"}],"replies":[{"embeddable":true,"href":"https:\/\/www.strzelnica-magnum.pl\/en\/wp-json\/wp\/v2\/comments?post=1864"}],"wp:featuredmedia":[{"embeddable":true,"href":"https:\/\/www.strzelnica-magnum.pl\/en\/wp-json\/wp\/v2\/media\/1867"}],"wp:attachment":[{"href":"https:\/\/www.strzelnica-magnum.pl\/en\/wp-json\/wp\/v2\/media?parent=1864"}],"wp:term":[{"taxonomy":"product_cat","embeddable":true,"href":"https:\/\/www.strzelnica-magnum.pl\/en\/wp-json\/wp\/v2\/product_cat?post=1864"},{"taxonomy":"product_tag","embeddable":true,"href":"https:\/\/www.strzelnica-magnum.pl\/en\/wp-json\/wp\/v2\/product_tag?post=1864"}],"curies":[{"name":"wp","href":"https:\/\/api.w.org\/{rel}","templated":true}]}}