{"id":1858,"date":"2024-02-02T08:12:25","date_gmt":"2024-02-02T08:12:25","guid":{"rendered":"http:\/\/strzelnica-magnum.sitewww.eu\/?post_type=product&#038;p=1858"},"modified":"2024-02-02T08:12:26","modified_gmt":"2024-02-02T08:12:26","slug":"bul-m-5","status":"publish","type":"product","link":"https:\/\/www.strzelnica-magnum.pl\/en\/nasze-uzbrojenie\/bul-m-5\/","title":{"rendered":"Bul M-5"},"content":{"rendered":"","protected":false},"excerpt":{"rendered":"<p><strong>Opis:<\/strong> Izraelski pistolet wzorowany na s\u0142ynnej konstrukcji Colta. Wysoka jako\u015b\u0107 materia\u0142\u00f3w oraz wykonania jest wizyt\u00f3wk\u0105 marki Bul. Zaprojektowany z my\u015bl\u0105o strzelaniu dynamicznym takim jak np. IPSC czy IDPA.<br \/>\n<strong>Cena za strza\u0142:<\/strong> 5,50<br \/>\n<strong>Kaliber:<\/strong> .40 S&#038;W<\/p>\n","protected":false},"featured_media":1859,"comment_status":"closed","ping_status":"closed","template":"","meta":[],"product_cat":[71,41],"product_tag":[],"class_list":{"0":"post-1858","1":"product","2":"type-product","3":"status-publish","4":"has-post-thumbnail","6":"product_cat-nasze-uzbrojenie","7":"product_cat-uzbrojenie","9":"first","10":"instock","11":"shipping-taxable","12":"product-type-simple"},"_links":{"self":[{"href":"https:\/\/www.strzelnica-magnum.pl\/en\/wp-json\/wp\/v2\/product\/1858","targetHints":{"allow":["GET"]}}],"collection":[{"href":"https:\/\/www.strzelnica-magnum.pl\/en\/wp-json\/wp\/v2\/product"}],"about":[{"href":"https:\/\/www.strzelnica-magnum.pl\/en\/wp-json\/wp\/v2\/types\/product"}],"replies":[{"embeddable":true,"href":"https:\/\/www.strzelnica-magnum.pl\/en\/wp-json\/wp\/v2\/comments?post=1858"}],"wp:featuredmedia":[{"embeddable":true,"href":"https:\/\/www.strzelnica-magnum.pl\/en\/wp-json\/wp\/v2\/media\/1859"}],"wp:attachment":[{"href":"https:\/\/www.strzelnica-magnum.pl\/en\/wp-json\/wp\/v2\/media?parent=1858"}],"wp:term":[{"taxonomy":"product_cat","embeddable":true,"href":"https:\/\/www.strzelnica-magnum.pl\/en\/wp-json\/wp\/v2\/product_cat?post=1858"},{"taxonomy":"product_tag","embeddable":true,"href":"https:\/\/www.strzelnica-magnum.pl\/en\/wp-json\/wp\/v2\/product_tag?post=1858"}],"curies":[{"name":"wp","href":"https:\/\/api.w.org\/{rel}","templated":true}]}}