{"id":1852,"date":"2024-02-02T08:08:51","date_gmt":"2024-02-02T08:08:51","guid":{"rendered":"http:\/\/strzelnica-magnum.sitewww.eu\/?post_type=product&#038;p=1852"},"modified":"2026-03-05T16:21:16","modified_gmt":"2026-03-05T16:21:16","slug":"steyer-aug","status":"publish","type":"product","link":"https:\/\/www.strzelnica-magnum.pl\/en\/uzbrojenie\/steyer-aug\/","title":{"rendered":"Steyer AUG"},"content":{"rendered":"","protected":false},"excerpt":{"rendered":"<p><strong>Opis:<\/strong> Kultowa bro\u0144 z czas\u00f3w dzikiego zachodu. Nietypowe jak na dzisiejsze czasy prze\u0142adowanie broni plus przyrz\u0105dy celownicze typu buckhorn pozwol\u0105 ka\u017cdemu strzelcowi poczu\u0107 si\u0119 jak na zachodzie.<br \/>\n<strong>Cena za strza\u0142:<\/strong> 6,00<br \/>\n<strong>Kaliber:<\/strong>.223 Rem, .5,56&#215;45<\/p>\n","protected":false},"featured_media":4141,"comment_status":"closed","ping_status":"closed","template":"","meta":[],"product_cat":[71,41],"product_tag":[],"class_list":{"0":"post-1852","1":"product","2":"type-product","3":"status-publish","4":"has-post-thumbnail","6":"product_cat-nasze-uzbrojenie","7":"product_cat-uzbrojenie","9":"first","10":"instock","11":"shipping-taxable","12":"product-type-simple"},"_links":{"self":[{"href":"https:\/\/www.strzelnica-magnum.pl\/en\/wp-json\/wp\/v2\/product\/1852","targetHints":{"allow":["GET"]}}],"collection":[{"href":"https:\/\/www.strzelnica-magnum.pl\/en\/wp-json\/wp\/v2\/product"}],"about":[{"href":"https:\/\/www.strzelnica-magnum.pl\/en\/wp-json\/wp\/v2\/types\/product"}],"replies":[{"embeddable":true,"href":"https:\/\/www.strzelnica-magnum.pl\/en\/wp-json\/wp\/v2\/comments?post=1852"}],"wp:featuredmedia":[{"embeddable":true,"href":"https:\/\/www.strzelnica-magnum.pl\/en\/wp-json\/wp\/v2\/media\/4141"}],"wp:attachment":[{"href":"https:\/\/www.strzelnica-magnum.pl\/en\/wp-json\/wp\/v2\/media?parent=1852"}],"wp:term":[{"taxonomy":"product_cat","embeddable":true,"href":"https:\/\/www.strzelnica-magnum.pl\/en\/wp-json\/wp\/v2\/product_cat?post=1852"},{"taxonomy":"product_tag","embeddable":true,"href":"https:\/\/www.strzelnica-magnum.pl\/en\/wp-json\/wp\/v2\/product_tag?post=1852"}],"curies":[{"name":"wp","href":"https:\/\/api.w.org\/{rel}","templated":true}]}}