{"id":1849,"date":"2024-02-02T08:05:53","date_gmt":"2024-02-02T08:05:53","guid":{"rendered":"http:\/\/strzelnica-magnum.sitewww.eu\/?post_type=product&#038;p=1849"},"modified":"2024-02-02T08:05:53","modified_gmt":"2024-02-02T08:05:53","slug":"canik-sfx-rival-s","status":"publish","type":"product","link":"https:\/\/www.strzelnica-magnum.pl\/en\/uzbrojenie\/canik-sfx-rival-s\/","title":{"rendered":"Canik SFX Rival-S"},"content":{"rendered":"","protected":false},"excerpt":{"rendered":"<p><strong>Opis:<\/strong> Canik SFx Rival-S przenosi pistolety ze stalow\u0105 ram\u0105 na wy\u017cszy poziom. Dzi\u0119ki sprawdzonej konstrukcji wielokrotnie nagradzanego Canik SFx Rival i stalowej ramie potrzebnej do radzenia sobie z wi\u0119kszym odrzutem, pozwala na jeszcze szybsze oddawanie kolejnego strza\u0142u.<br \/>\n<strong>Cena za strza\u0142:<\/strong> 3,30<br \/>\n<strong>Kaliber:<\/strong> 9 mm Parabellum<\/p>\n","protected":false},"featured_media":1850,"comment_status":"closed","ping_status":"closed","template":"","meta":[],"product_cat":[41,71],"product_tag":[],"class_list":{"0":"post-1849","1":"product","2":"type-product","3":"status-publish","4":"has-post-thumbnail","6":"product_cat-uzbrojenie","7":"product_cat-nasze-uzbrojenie","9":"first","10":"instock","11":"shipping-taxable","12":"product-type-simple"},"_links":{"self":[{"href":"https:\/\/www.strzelnica-magnum.pl\/en\/wp-json\/wp\/v2\/product\/1849","targetHints":{"allow":["GET"]}}],"collection":[{"href":"https:\/\/www.strzelnica-magnum.pl\/en\/wp-json\/wp\/v2\/product"}],"about":[{"href":"https:\/\/www.strzelnica-magnum.pl\/en\/wp-json\/wp\/v2\/types\/product"}],"replies":[{"embeddable":true,"href":"https:\/\/www.strzelnica-magnum.pl\/en\/wp-json\/wp\/v2\/comments?post=1849"}],"wp:featuredmedia":[{"embeddable":true,"href":"https:\/\/www.strzelnica-magnum.pl\/en\/wp-json\/wp\/v2\/media\/1850"}],"wp:attachment":[{"href":"https:\/\/www.strzelnica-magnum.pl\/en\/wp-json\/wp\/v2\/media?parent=1849"}],"wp:term":[{"taxonomy":"product_cat","embeddable":true,"href":"https:\/\/www.strzelnica-magnum.pl\/en\/wp-json\/wp\/v2\/product_cat?post=1849"},{"taxonomy":"product_tag","embeddable":true,"href":"https:\/\/www.strzelnica-magnum.pl\/en\/wp-json\/wp\/v2\/product_tag?post=1849"}],"curies":[{"name":"wp","href":"https:\/\/api.w.org\/{rel}","templated":true}]}}