{"id":1680,"date":"2023-11-15T10:21:50","date_gmt":"2023-11-15T10:21:50","guid":{"rendered":"http:\/\/strzelnica-magnum.sitewww.eu\/uncategorized\/pistolet-maszynowy-hk-mp5\/"},"modified":"2024-02-01T12:29:32","modified_gmt":"2024-02-01T12:29:32","slug":"pistolet-maszynowy-hk-mp5","status":"publish","type":"product","link":"https:\/\/www.strzelnica-magnum.pl\/en\/equipment\/pistolet-maszynowy-hk-mp5\/","title":{"rendered":"Pistolet Maszynowy HK MP5"},"content":{"rendered":"","protected":false},"excerpt":{"rendered":"<p><strong>Opis:<\/strong>\u00a0Pistolet maszynowy HK MP5 jest produkowany przez niemieck\u0105 firm\u0119 Heckler und Koch od 1966 roku.Ze wzgl\u0119du na zastosowane rozwi\u0105zania (zamek p\u00f3\u0142swobodny, szkielet<br \/>\nz t\u0142oczonej blachy), sta\u0142 si\u0119 wizyt\u00f3wk\u0105 si\u0142 specjalnych (m. in. GROMu).<br \/>\n<strong>Cena za strza\u0142 (Price for shot):<\/strong>\u00a06,00<br \/>\n<strong>Kaliber:<\/strong>\u00a09mm Parabellum<\/p>\n","protected":false},"featured_media":1170,"comment_status":"closed","ping_status":"closed","template":"","meta":[],"product_cat":[98,126],"product_tag":[],"class_list":{"0":"post-1680","1":"product","2":"type-product","3":"status-publish","4":"has-post-thumbnail","6":"product_cat-equipment","7":"product_cat-our-equipment","9":"first","10":"instock","11":"product-type-simple"},"_links":{"self":[{"href":"https:\/\/www.strzelnica-magnum.pl\/en\/wp-json\/wp\/v2\/product\/1680","targetHints":{"allow":["GET"]}}],"collection":[{"href":"https:\/\/www.strzelnica-magnum.pl\/en\/wp-json\/wp\/v2\/product"}],"about":[{"href":"https:\/\/www.strzelnica-magnum.pl\/en\/wp-json\/wp\/v2\/types\/product"}],"replies":[{"embeddable":true,"href":"https:\/\/www.strzelnica-magnum.pl\/en\/wp-json\/wp\/v2\/comments?post=1680"}],"wp:featuredmedia":[{"embeddable":true,"href":"https:\/\/www.strzelnica-magnum.pl\/en\/wp-json\/wp\/v2\/media\/1170"}],"wp:attachment":[{"href":"https:\/\/www.strzelnica-magnum.pl\/en\/wp-json\/wp\/v2\/media?parent=1680"}],"wp:term":[{"taxonomy":"product_cat","embeddable":true,"href":"https:\/\/www.strzelnica-magnum.pl\/en\/wp-json\/wp\/v2\/product_cat?post=1680"},{"taxonomy":"product_tag","embeddable":true,"href":"https:\/\/www.strzelnica-magnum.pl\/en\/wp-json\/wp\/v2\/product_tag?post=1680"}],"curies":[{"name":"wp","href":"https:\/\/api.w.org\/{rel}","templated":true}]}}