{"id":1676,"date":"2023-11-15T10:21:50","date_gmt":"2023-11-15T10:21:50","guid":{"rendered":"http:\/\/strzelnica-magnum.sitewww.eu\/uncategorized\/pistolet-mag-9mm\/"},"modified":"2024-02-01T12:28:07","modified_gmt":"2024-02-01T12:28:07","slug":"pistolet-mag-9mm","status":"publish","type":"product","link":"https:\/\/www.strzelnica-magnum.pl\/en\/equipment\/pistolet-mag-9mm\/","title":{"rendered":"Pistolet MAG 9mm"},"content":{"rendered":"","protected":false},"excerpt":{"rendered":"<p><strong>Opis:<\/strong>\u00a0Pistolet MAG zosta\u0142 zaprojektowany jako bro\u0144 osobista przeznaczona do walki na kr\u00f3tkich odleg\u0142o\u015bciach. Sprawdza si\u0119 r\u00f3wnie\u017c w konkurencjach sportowych. Bro\u0144 o wysokiej niezawodno\u015bci, celno\u015bci oraz trwa\u0142o\u015bci. Klasyczna konstrukcja oparta na szkielecie stalowym lub aluminiowym (w nowszych wersjach).<br \/>\n<strong>Cena za strza\u0142 (Price for shot):<\/strong>\u00a03,30<br \/>\n<strong>Kaliber:<\/strong>\u00a09 mm Parabellum<\/p>\n","protected":false},"featured_media":1166,"comment_status":"closed","ping_status":"closed","template":"","meta":[],"product_cat":[98,126],"product_tag":[],"class_list":{"0":"post-1676","1":"product","2":"type-product","3":"status-publish","4":"has-post-thumbnail","6":"product_cat-equipment","7":"product_cat-our-equipment","9":"first","10":"instock","11":"product-type-simple"},"_links":{"self":[{"href":"https:\/\/www.strzelnica-magnum.pl\/en\/wp-json\/wp\/v2\/product\/1676","targetHints":{"allow":["GET"]}}],"collection":[{"href":"https:\/\/www.strzelnica-magnum.pl\/en\/wp-json\/wp\/v2\/product"}],"about":[{"href":"https:\/\/www.strzelnica-magnum.pl\/en\/wp-json\/wp\/v2\/types\/product"}],"replies":[{"embeddable":true,"href":"https:\/\/www.strzelnica-magnum.pl\/en\/wp-json\/wp\/v2\/comments?post=1676"}],"wp:featuredmedia":[{"embeddable":true,"href":"https:\/\/www.strzelnica-magnum.pl\/en\/wp-json\/wp\/v2\/media\/1166"}],"wp:attachment":[{"href":"https:\/\/www.strzelnica-magnum.pl\/en\/wp-json\/wp\/v2\/media?parent=1676"}],"wp:term":[{"taxonomy":"product_cat","embeddable":true,"href":"https:\/\/www.strzelnica-magnum.pl\/en\/wp-json\/wp\/v2\/product_cat?post=1676"},{"taxonomy":"product_tag","embeddable":true,"href":"https:\/\/www.strzelnica-magnum.pl\/en\/wp-json\/wp\/v2\/product_tag?post=1676"}],"curies":[{"name":"wp","href":"https:\/\/api.w.org\/{rel}","templated":true}]}}