{"id":1672,"date":"2023-11-15T10:21:50","date_gmt":"2023-11-15T10:21:50","guid":{"rendered":"http:\/\/strzelnica-magnum.sitewww.eu\/uncategorized\/karabin-m16-prosto-z-us-army\/"},"modified":"2024-02-01T12:06:06","modified_gmt":"2024-02-01T12:06:06","slug":"karabin-m16-prosto-z-us-army","status":"publish","type":"product","link":"https:\/\/www.strzelnica-magnum.pl\/en\/equipment\/karabin-m16-prosto-z-us-army\/","title":{"rendered":"Karabin M16 prosto z US Army"},"content":{"rendered":"","protected":false},"excerpt":{"rendered":"<p><strong>Opis:<\/strong>\u00a0W 1962 roku karabinki M16 zosta\u0142y dostarczone ameryka\u0144skim jednostkom(m. in. Marines) walcz\u0105cym w Wietnamie. Konstrukcja b\u0119d\u0105ca rozwini\u0119ciem rozwi\u0105zania Stoner\u2019a, tak samo jak karabinek Ka\u0142asznikowa, ustali\u0142a nowe standardy dla wsp\u00f3\u0142czesnych karabink\u00f3w.<br \/>\n<strong>Cena za strza\u0142 (Price for shot):<\/strong>\u00a06,00<br \/>\n<strong>Kaliber:<\/strong>\u00a0.223 Rem., 5,56 x 45 mm<\/p>\n","protected":false},"featured_media":1162,"comment_status":"closed","ping_status":"closed","template":"","meta":[],"product_cat":[98,126],"product_tag":[],"class_list":{"0":"post-1672","1":"product","2":"type-product","3":"status-publish","4":"has-post-thumbnail","6":"product_cat-equipment","7":"product_cat-our-equipment","9":"first","10":"instock","11":"product-type-simple"},"_links":{"self":[{"href":"https:\/\/www.strzelnica-magnum.pl\/en\/wp-json\/wp\/v2\/product\/1672","targetHints":{"allow":["GET"]}}],"collection":[{"href":"https:\/\/www.strzelnica-magnum.pl\/en\/wp-json\/wp\/v2\/product"}],"about":[{"href":"https:\/\/www.strzelnica-magnum.pl\/en\/wp-json\/wp\/v2\/types\/product"}],"replies":[{"embeddable":true,"href":"https:\/\/www.strzelnica-magnum.pl\/en\/wp-json\/wp\/v2\/comments?post=1672"}],"wp:featuredmedia":[{"embeddable":true,"href":"https:\/\/www.strzelnica-magnum.pl\/en\/wp-json\/wp\/v2\/media\/1162"}],"wp:attachment":[{"href":"https:\/\/www.strzelnica-magnum.pl\/en\/wp-json\/wp\/v2\/media?parent=1672"}],"wp:term":[{"taxonomy":"product_cat","embeddable":true,"href":"https:\/\/www.strzelnica-magnum.pl\/en\/wp-json\/wp\/v2\/product_cat?post=1672"},{"taxonomy":"product_tag","embeddable":true,"href":"https:\/\/www.strzelnica-magnum.pl\/en\/wp-json\/wp\/v2\/product_tag?post=1672"}],"curies":[{"name":"wp","href":"https:\/\/api.w.org\/{rel}","templated":true}]}}