{"id":1668,"date":"2023-11-15T10:21:50","date_gmt":"2023-11-15T10:21:50","guid":{"rendered":"http:\/\/strzelnica-magnum.sitewww.eu\/uncategorized\/stieczkin\/"},"modified":"2024-02-01T12:46:02","modified_gmt":"2024-02-01T12:46:02","slug":"stieczkin","status":"publish","type":"product","link":"https:\/\/www.strzelnica-magnum.pl\/en\/equipment\/stieczkin\/","title":{"rendered":"Stieczkin"},"content":{"rendered":"","protected":false},"excerpt":{"rendered":"<p><strong>Opis:<\/strong>\u00a0Pistolet automatyczny Stieczkina zosta\u0142 wprowdzony na uzbrojenie Armii Radzieckiej w 1951 r. Przeznaczony by\u0142 dla oficer\u00f3w i \u017co\u0142nierzy specjalist\u00f3w (technicy, za\u0142ogi pojazd\u00f3w, itd.). Ceniona przez \u017co\u0142nierzy jednostek specjalnych, dywersyjnych. APSy zosta\u0142y u\u017cyte przez radzieckich komandos\u00f3w, kt\u00f3rzy zdobyli pa\u0142ac prezydencki w Kabulu w 1979 roku.<br \/>\n<strong>Cena za strza\u0142 (Price for shot):<\/strong>\u00a06,00<br \/>\n<strong>Kaliber:<\/strong>\u00a09mm Makarow<\/p>\n","protected":false},"featured_media":1158,"comment_status":"closed","ping_status":"closed","template":"","meta":[],"product_cat":[98,126],"product_tag":[],"class_list":{"0":"post-1668","1":"product","2":"type-product","3":"status-publish","4":"has-post-thumbnail","6":"product_cat-equipment","7":"product_cat-our-equipment","9":"first","10":"instock","11":"product-type-simple"},"_links":{"self":[{"href":"https:\/\/www.strzelnica-magnum.pl\/en\/wp-json\/wp\/v2\/product\/1668","targetHints":{"allow":["GET"]}}],"collection":[{"href":"https:\/\/www.strzelnica-magnum.pl\/en\/wp-json\/wp\/v2\/product"}],"about":[{"href":"https:\/\/www.strzelnica-magnum.pl\/en\/wp-json\/wp\/v2\/types\/product"}],"replies":[{"embeddable":true,"href":"https:\/\/www.strzelnica-magnum.pl\/en\/wp-json\/wp\/v2\/comments?post=1668"}],"wp:featuredmedia":[{"embeddable":true,"href":"https:\/\/www.strzelnica-magnum.pl\/en\/wp-json\/wp\/v2\/media\/1158"}],"wp:attachment":[{"href":"https:\/\/www.strzelnica-magnum.pl\/en\/wp-json\/wp\/v2\/media?parent=1668"}],"wp:term":[{"taxonomy":"product_cat","embeddable":true,"href":"https:\/\/www.strzelnica-magnum.pl\/en\/wp-json\/wp\/v2\/product_cat?post=1668"},{"taxonomy":"product_tag","embeddable":true,"href":"https:\/\/www.strzelnica-magnum.pl\/en\/wp-json\/wp\/v2\/product_tag?post=1668"}],"curies":[{"name":"wp","href":"https:\/\/api.w.org\/{rel}","templated":true}]}}