{"id":1665,"date":"2023-11-15T10:21:50","date_gmt":"2023-11-15T10:21:50","guid":{"rendered":"http:\/\/strzelnica-magnum.sitewww.eu\/uncategorized\/sten\/"},"modified":"2024-02-01T12:44:39","modified_gmt":"2024-02-01T12:44:39","slug":"sten","status":"publish","type":"product","link":"https:\/\/www.strzelnica-magnum.pl\/en\/equipment\/sten\/","title":{"rendered":"STEN"},"content":{"rendered":"","protected":false},"excerpt":{"rendered":"<p><strong>Opis:<\/strong>\u00a0Po upadku Francji w 1940 roku, kiedy Wehrmacht szykowa\u0142 si\u0119 do inwazji na Wielk\u0105 Brytani\u0119, podj\u0119to decyzj\u0119 o szybkiej produkcji du\u017cych ilo\u015bci pistolet\u00f3w maszynowych. STENa opracowano bazuj\u0105c na niemieckim MP 38\/40, maksymalnie uproszczaj\u0105c konstrukcj\u0119. Bro\u0144 ruchu oporu jak i jednostek powietrznodesantowych.<br \/>\n<strong>Cena za strza\u0142 (Price for shot):<\/strong>\u00a06,00<br \/>\n<strong>Kaliber:<\/strong>\u00a09mm Parabellum<\/p>\n","protected":false},"featured_media":1155,"comment_status":"closed","ping_status":"closed","template":"","meta":[],"product_cat":[98,126],"product_tag":[],"class_list":{"0":"post-1665","1":"product","2":"type-product","3":"status-publish","4":"has-post-thumbnail","6":"product_cat-equipment","7":"product_cat-our-equipment","9":"first","10":"instock","11":"product-type-simple"},"_links":{"self":[{"href":"https:\/\/www.strzelnica-magnum.pl\/en\/wp-json\/wp\/v2\/product\/1665","targetHints":{"allow":["GET"]}}],"collection":[{"href":"https:\/\/www.strzelnica-magnum.pl\/en\/wp-json\/wp\/v2\/product"}],"about":[{"href":"https:\/\/www.strzelnica-magnum.pl\/en\/wp-json\/wp\/v2\/types\/product"}],"replies":[{"embeddable":true,"href":"https:\/\/www.strzelnica-magnum.pl\/en\/wp-json\/wp\/v2\/comments?post=1665"}],"wp:featuredmedia":[{"embeddable":true,"href":"https:\/\/www.strzelnica-magnum.pl\/en\/wp-json\/wp\/v2\/media\/1155"}],"wp:attachment":[{"href":"https:\/\/www.strzelnica-magnum.pl\/en\/wp-json\/wp\/v2\/media?parent=1665"}],"wp:term":[{"taxonomy":"product_cat","embeddable":true,"href":"https:\/\/www.strzelnica-magnum.pl\/en\/wp-json\/wp\/v2\/product_cat?post=1665"},{"taxonomy":"product_tag","embeddable":true,"href":"https:\/\/www.strzelnica-magnum.pl\/en\/wp-json\/wp\/v2\/product_tag?post=1665"}],"curies":[{"name":"wp","href":"https:\/\/api.w.org\/{rel}","templated":true}]}}