{"id":1662,"date":"2023-11-15T10:21:50","date_gmt":"2023-11-15T10:21:50","guid":{"rendered":"http:\/\/strzelnica-magnum.sitewww.eu\/uncategorized\/pistolet-maszynowy-ppsz\/"},"modified":"2023-11-15T10:21:50","modified_gmt":"2023-11-15T10:21:50","slug":"pistolet-maszynowy-ppsz","status":"publish","type":"product","link":"https:\/\/www.strzelnica-magnum.pl\/en\/equipment\/pistolet-maszynowy-ppsz\/","title":{"rendered":"Pistolet Maszynowy PPSz"},"content":{"rendered":"","protected":false},"excerpt":{"rendered":"<p>PPSz wz. 1941 (Pistolet-Puliemiot Szpagina), potocznie nazywany: pepesz\u0105 lub pepeszk\u0105 \u2013 radziecki pistolet maszynowy.<br \/>\nWprowadzony na uzbrojenie Armii Czerwonej w 1941 roku. Podstawowa bro\u0144 tej kategorii na uzbrojeniu Armii Czerwonej podczas drugiej wojny \u015bwiatowej,<br \/>\nu\u017cywany tak\u017ce w licznych krajach \u015bwiata. Do uzbrojenia Wojska Polskiego wprowadzony w 1943 roku.<\/p>\n","protected":false},"featured_media":1152,"comment_status":"closed","ping_status":"closed","template":"","meta":[],"product_cat":[98,126],"product_tag":[],"class_list":{"0":"post-1662","1":"product","2":"type-product","3":"status-publish","4":"has-post-thumbnail","6":"product_cat-equipment","7":"product_cat-our-equipment","9":"first","10":"instock","11":"product-type-simple"},"_links":{"self":[{"href":"https:\/\/www.strzelnica-magnum.pl\/en\/wp-json\/wp\/v2\/product\/1662","targetHints":{"allow":["GET"]}}],"collection":[{"href":"https:\/\/www.strzelnica-magnum.pl\/en\/wp-json\/wp\/v2\/product"}],"about":[{"href":"https:\/\/www.strzelnica-magnum.pl\/en\/wp-json\/wp\/v2\/types\/product"}],"replies":[{"embeddable":true,"href":"https:\/\/www.strzelnica-magnum.pl\/en\/wp-json\/wp\/v2\/comments?post=1662"}],"wp:featuredmedia":[{"embeddable":true,"href":"https:\/\/www.strzelnica-magnum.pl\/en\/wp-json\/wp\/v2\/media\/1152"}],"wp:attachment":[{"href":"https:\/\/www.strzelnica-magnum.pl\/en\/wp-json\/wp\/v2\/media?parent=1662"}],"wp:term":[{"taxonomy":"product_cat","embeddable":true,"href":"https:\/\/www.strzelnica-magnum.pl\/en\/wp-json\/wp\/v2\/product_cat?post=1662"},{"taxonomy":"product_tag","embeddable":true,"href":"https:\/\/www.strzelnica-magnum.pl\/en\/wp-json\/wp\/v2\/product_tag?post=1662"}],"curies":[{"name":"wp","href":"https:\/\/api.w.org\/{rel}","templated":true}]}}