{"id":1661,"date":"2023-11-15T10:21:50","date_gmt":"2023-11-15T10:21:50","guid":{"rendered":"http:\/\/strzelnica-magnum.sitewww.eu\/uncategorized\/pistolet-glock-9mm\/"},"modified":"2023-11-15T10:21:50","modified_gmt":"2023-11-15T10:21:50","slug":"pistolet-glock-9mm","status":"publish","type":"product","link":"https:\/\/www.strzelnica-magnum.pl\/en\/equipment\/short-weapon\/pistolet-glock-9mm\/","title":{"rendered":"Pistolet Glock 9mm"},"content":{"rendered":"","protected":false},"excerpt":{"rendered":"<p><b>Glock<\/b> \u2013pistolet opracowany i produkowany przez austriack\u0105 firm\u0119. Opracowanie prototypu zaj\u0119\u0142o 6 miesi\u0119cy, nast\u0119pnie sta\u0142 si\u0119 \u015bwiatowym hitem i zyska\u0142 miano \u201ebroni XXI wieku\u201d. Pistolet wprowadzony do uzbrojenia wojsk i policji na ca\u0142ym \u015bwiecie. Pistolety Glock sta\u0142y si\u0119 pierwsz\u0105 nowoczesn\u0105 broni\u0105 zachodni\u0105 wprowadzon\u0105 w wi\u0119kszej liczbie na wyposa\u017cenie polskiej Policji.<\/p>\n","protected":false},"featured_media":1151,"comment_status":"closed","ping_status":"open","template":"","meta":[],"product_cat":[98,115],"product_tag":[],"class_list":{"0":"post-1661","1":"product","2":"type-product","3":"status-publish","4":"has-post-thumbnail","6":"product_cat-equipment","7":"product_cat-short-weapon","9":"first","10":"instock","11":"product-type-simple"},"_links":{"self":[{"href":"https:\/\/www.strzelnica-magnum.pl\/en\/wp-json\/wp\/v2\/product\/1661","targetHints":{"allow":["GET"]}}],"collection":[{"href":"https:\/\/www.strzelnica-magnum.pl\/en\/wp-json\/wp\/v2\/product"}],"about":[{"href":"https:\/\/www.strzelnica-magnum.pl\/en\/wp-json\/wp\/v2\/types\/product"}],"replies":[{"embeddable":true,"href":"https:\/\/www.strzelnica-magnum.pl\/en\/wp-json\/wp\/v2\/comments?post=1661"}],"wp:featuredmedia":[{"embeddable":true,"href":"https:\/\/www.strzelnica-magnum.pl\/en\/wp-json\/wp\/v2\/media\/1151"}],"wp:attachment":[{"href":"https:\/\/www.strzelnica-magnum.pl\/en\/wp-json\/wp\/v2\/media?parent=1661"}],"wp:term":[{"taxonomy":"product_cat","embeddable":true,"href":"https:\/\/www.strzelnica-magnum.pl\/en\/wp-json\/wp\/v2\/product_cat?post=1661"},{"taxonomy":"product_tag","embeddable":true,"href":"https:\/\/www.strzelnica-magnum.pl\/en\/wp-json\/wp\/v2\/product_tag?post=1661"}],"curies":[{"name":"wp","href":"https:\/\/api.w.org\/{rel}","templated":true}]}}