{"id":1660,"date":"2023-11-15T10:22:20","date_gmt":"2023-11-15T10:22:20","guid":{"rendered":"http:\/\/strzelnica-magnum.sitewww.eu\/uncategorized\/karabin-mauser-98k\/"},"modified":"2024-02-01T12:09:01","modified_gmt":"2024-02-01T12:09:01","slug":"karabin-mauser-98k","status":"publish","type":"product","link":"https:\/\/www.strzelnica-magnum.pl\/en\/equipment\/karabin-mauser-98k\/","title":{"rendered":"Karabin Mauser 98K"},"content":{"rendered":"","protected":false},"excerpt":{"rendered":"<p><strong>Opis:<\/strong>\u00a0Karabin Kar98k. Jeden z najs\u0142ynniejszych karabin\u00f3w powtarzalnych \u015bwiata. Produkowany przez wiele lat i na terenie wiele kraj\u00f3w. Na uzbrojeniu podczas I jak i II Wojny \u015awiatowej. Bro\u0144 celna, odporna na trudne warunki.<br \/>\n<strong>Cena za strza\u0142 (Price for shot):<\/strong>\u00a012,00<br \/>\n<strong>Kaliber:<\/strong>\u00a07,92&#215;57 JS<\/p>\n","protected":false},"featured_media":1190,"comment_status":"closed","ping_status":"closed","template":"","meta":[],"product_cat":[98,126],"product_tag":[],"class_list":{"0":"post-1660","1":"product","2":"type-product","3":"status-publish","4":"has-post-thumbnail","6":"product_cat-equipment","7":"product_cat-our-equipment","9":"first","10":"instock","11":"product-type-simple"},"_links":{"self":[{"href":"https:\/\/www.strzelnica-magnum.pl\/en\/wp-json\/wp\/v2\/product\/1660","targetHints":{"allow":["GET"]}}],"collection":[{"href":"https:\/\/www.strzelnica-magnum.pl\/en\/wp-json\/wp\/v2\/product"}],"about":[{"href":"https:\/\/www.strzelnica-magnum.pl\/en\/wp-json\/wp\/v2\/types\/product"}],"replies":[{"embeddable":true,"href":"https:\/\/www.strzelnica-magnum.pl\/en\/wp-json\/wp\/v2\/comments?post=1660"}],"wp:featuredmedia":[{"embeddable":true,"href":"https:\/\/www.strzelnica-magnum.pl\/en\/wp-json\/wp\/v2\/media\/1190"}],"wp:attachment":[{"href":"https:\/\/www.strzelnica-magnum.pl\/en\/wp-json\/wp\/v2\/media?parent=1660"}],"wp:term":[{"taxonomy":"product_cat","embeddable":true,"href":"https:\/\/www.strzelnica-magnum.pl\/en\/wp-json\/wp\/v2\/product_cat?post=1660"},{"taxonomy":"product_tag","embeddable":true,"href":"https:\/\/www.strzelnica-magnum.pl\/en\/wp-json\/wp\/v2\/product_tag?post=1660"}],"curies":[{"name":"wp","href":"https:\/\/api.w.org\/{rel}","templated":true}]}}