{"id":1656,"date":"2023-11-15T10:22:20","date_gmt":"2023-11-15T10:22:20","guid":{"rendered":"http:\/\/strzelnica-magnum.sitewww.eu\/uncategorized\/glauberyt-pm-98-uzi\/"},"modified":"2025-07-23T11:31:30","modified_gmt":"2025-07-23T11:31:30","slug":"glauberyt-pm-98-uzi","status":"publish","type":"product","link":"https:\/\/www.strzelnica-magnum.pl\/en\/equipment\/glauberyt-pm-98-uzi\/","title":{"rendered":"Glauberyt PM 98"},"content":{"rendered":"","protected":false},"excerpt":{"rendered":"<p><strong>Opis:<\/strong>\u00a0Polski pistolet maszynowy, produkowany od po\u0142owy lat 80 XX wieku. Cz\u0119sto nazywany polsk\u0105 wersj\u0105 UZI. Przeznaczony dla za\u0142\u00f3g woz\u00f3w bojowych, policji oraz s\u0142u\u017cb ochrony mienia. Atutem tego pistoletu jest to, \u017ce strzela z zamka zamkni\u0119tego. Bro\u0144 jest wyposa\u017cona w 3-pozycyjny prze\u0142\u0105cznik rodzaju ognia.<br \/>\n<strong>Cena za strza\u0142 (Price for shot):<\/strong>\u00a03,30<br \/>\n<strong>Kaliber:<\/strong>\u00a09mm Parabellum<\/p>\n","protected":false},"featured_media":1186,"comment_status":"closed","ping_status":"closed","template":"","meta":[],"product_cat":[98,126],"product_tag":[],"class_list":{"0":"post-1656","1":"product","2":"type-product","3":"status-publish","4":"has-post-thumbnail","6":"product_cat-equipment","7":"product_cat-our-equipment","9":"first","10":"instock","11":"product-type-simple"},"_links":{"self":[{"href":"https:\/\/www.strzelnica-magnum.pl\/en\/wp-json\/wp\/v2\/product\/1656","targetHints":{"allow":["GET"]}}],"collection":[{"href":"https:\/\/www.strzelnica-magnum.pl\/en\/wp-json\/wp\/v2\/product"}],"about":[{"href":"https:\/\/www.strzelnica-magnum.pl\/en\/wp-json\/wp\/v2\/types\/product"}],"replies":[{"embeddable":true,"href":"https:\/\/www.strzelnica-magnum.pl\/en\/wp-json\/wp\/v2\/comments?post=1656"}],"wp:featuredmedia":[{"embeddable":true,"href":"https:\/\/www.strzelnica-magnum.pl\/en\/wp-json\/wp\/v2\/media\/1186"}],"wp:attachment":[{"href":"https:\/\/www.strzelnica-magnum.pl\/en\/wp-json\/wp\/v2\/media?parent=1656"}],"wp:term":[{"taxonomy":"product_cat","embeddable":true,"href":"https:\/\/www.strzelnica-magnum.pl\/en\/wp-json\/wp\/v2\/product_cat?post=1656"},{"taxonomy":"product_tag","embeddable":true,"href":"https:\/\/www.strzelnica-magnum.pl\/en\/wp-json\/wp\/v2\/product_tag?post=1656"}],"curies":[{"name":"wp","href":"https:\/\/api.w.org\/{rel}","templated":true}]}}