{"id":1654,"date":"2023-11-15T10:22:20","date_gmt":"2023-11-15T10:22:20","guid":{"rendered":"http:\/\/strzelnica-magnum.sitewww.eu\/uncategorized\/makarow\/"},"modified":"2024-02-01T12:21:01","modified_gmt":"2024-02-01T12:21:01","slug":"makarow","status":"publish","type":"product","link":"https:\/\/www.strzelnica-magnum.pl\/en\/equipment\/makarow\/","title":{"rendered":"Makarow"},"content":{"rendered":"","protected":false},"excerpt":{"rendered":"<p><strong>Opis:<\/strong>\u00a0Pistolet Makarova, produkowany przez Rosyjsk\u0105 firm\u0119 KBP (obecnie Bajka\u0142). Pistolet samopowtarzalny dzia\u0142aj\u0105cy<br \/>\nna zasadzie odrzutu zamka swobodnego. Wzorem dla konstruktor\u00f3w by\u0142 Niemiecki pistolet Walther PP. Pistolet ten ma opini\u0119 broni niezawodnej oraz celnej. Pod wieloma nazwami oraz w r\u00f3\u017cnych odmianach, produkowany jest do dnia dzisiejszego.<br \/>\n<strong>Cena za strza\u0142 (Price for shot):<\/strong>\u00a04,90<br \/>\n<strong>Kaliber:<\/strong>\u00a09mm Makarow<\/p>\n","protected":false},"featured_media":1184,"comment_status":"closed","ping_status":"closed","template":"","meta":[],"product_cat":[98,126],"product_tag":[],"class_list":{"0":"post-1654","1":"product","2":"type-product","3":"status-publish","4":"has-post-thumbnail","6":"product_cat-equipment","7":"product_cat-our-equipment","9":"first","10":"instock","11":"product-type-simple"},"_links":{"self":[{"href":"https:\/\/www.strzelnica-magnum.pl\/en\/wp-json\/wp\/v2\/product\/1654","targetHints":{"allow":["GET"]}}],"collection":[{"href":"https:\/\/www.strzelnica-magnum.pl\/en\/wp-json\/wp\/v2\/product"}],"about":[{"href":"https:\/\/www.strzelnica-magnum.pl\/en\/wp-json\/wp\/v2\/types\/product"}],"replies":[{"embeddable":true,"href":"https:\/\/www.strzelnica-magnum.pl\/en\/wp-json\/wp\/v2\/comments?post=1654"}],"wp:featuredmedia":[{"embeddable":true,"href":"https:\/\/www.strzelnica-magnum.pl\/en\/wp-json\/wp\/v2\/media\/1184"}],"wp:attachment":[{"href":"https:\/\/www.strzelnica-magnum.pl\/en\/wp-json\/wp\/v2\/media?parent=1654"}],"wp:term":[{"taxonomy":"product_cat","embeddable":true,"href":"https:\/\/www.strzelnica-magnum.pl\/en\/wp-json\/wp\/v2\/product_cat?post=1654"},{"taxonomy":"product_tag","embeddable":true,"href":"https:\/\/www.strzelnica-magnum.pl\/en\/wp-json\/wp\/v2\/product_tag?post=1654"}],"curies":[{"name":"wp","href":"https:\/\/api.w.org\/{rel}","templated":true}]}}