{"id":1648,"date":"2023-11-15T10:22:20","date_gmt":"2023-11-15T10:22:20","guid":{"rendered":"http:\/\/strzelnica-magnum.sitewww.eu\/uncategorized\/karabin-snajperski-sako-trg\/"},"modified":"2026-03-05T16:07:12","modified_gmt":"2026-03-05T16:07:12","slug":"karabin-snajperski-sako-trg","status":"publish","type":"product","link":"https:\/\/www.strzelnica-magnum.pl\/en\/equipment\/karabin-snajperski-sako-trg\/","title":{"rendered":"Karabin Snajperski SAKO TRG"},"content":{"rendered":"","protected":false},"excerpt":{"rendered":"<p><strong>Opis:<\/strong>\u00a0<br \/>\nSako TRG jest karabinem wyborowym  o wysokiej jako\u015bci wykonania, pozwalaj\u0105cym strzela\u0107 skutecznie nawet na dystanse przekraczaj\u0105ce 1000 m. Bro\u0144 wykorzystywana w Wojsku Polskim  od po\u0142owy lat 90-tych.<br \/>\n<strong>Cena za strza\u0142 (Price for shot):<\/strong>\u00a019,00<br \/>\n<strong>Kaliber:<\/strong>\u00a0.308 Win.<\/p>\n","protected":false},"featured_media":1178,"comment_status":"closed","ping_status":"closed","template":"","meta":[],"product_cat":[98,126],"product_tag":[],"class_list":{"0":"post-1648","1":"product","2":"type-product","3":"status-publish","4":"has-post-thumbnail","6":"product_cat-equipment","7":"product_cat-our-equipment","9":"first","10":"instock","11":"product-type-simple"},"_links":{"self":[{"href":"https:\/\/www.strzelnica-magnum.pl\/en\/wp-json\/wp\/v2\/product\/1648","targetHints":{"allow":["GET"]}}],"collection":[{"href":"https:\/\/www.strzelnica-magnum.pl\/en\/wp-json\/wp\/v2\/product"}],"about":[{"href":"https:\/\/www.strzelnica-magnum.pl\/en\/wp-json\/wp\/v2\/types\/product"}],"replies":[{"embeddable":true,"href":"https:\/\/www.strzelnica-magnum.pl\/en\/wp-json\/wp\/v2\/comments?post=1648"}],"wp:featuredmedia":[{"embeddable":true,"href":"https:\/\/www.strzelnica-magnum.pl\/en\/wp-json\/wp\/v2\/media\/1178"}],"wp:attachment":[{"href":"https:\/\/www.strzelnica-magnum.pl\/en\/wp-json\/wp\/v2\/media?parent=1648"}],"wp:term":[{"taxonomy":"product_cat","embeddable":true,"href":"https:\/\/www.strzelnica-magnum.pl\/en\/wp-json\/wp\/v2\/product_cat?post=1648"},{"taxonomy":"product_tag","embeddable":true,"href":"https:\/\/www.strzelnica-magnum.pl\/en\/wp-json\/wp\/v2\/product_tag?post=1648"}],"curies":[{"name":"wp","href":"https:\/\/api.w.org\/{rel}","templated":true}]}}